{"id":129,"date":"2022-05-25T17:07:30","date_gmt":"2022-05-25T15:07:30","guid":{"rendered":"http:\/\/s370308257.onlinehome.fr\/FEEV2\/?page_id=129"},"modified":"2023-09-28T15:20:00","modified_gmt":"2023-09-28T13:20:00","slug":"mentions-legales","status":"publish","type":"page","link":"https:\/\/www.eclatsdemail.com\/gb\/mentions-legales\/","title":{"rendered":"Legal Notices"},"content":{"rendered":"<div class=\"wpb-content-wrapper\"><p>[vc_row][vc_column][vc_empty_space][vc_column_text]<strong>Publisher<\/strong><br \/>\nYou are currently connected to the website of the \u00c9CLATS D\u2019\u00c9MAIL JAZZ \u00c9DITION festival<br \/>\n1, rue Montaigne 87000 Limoges<\/p>\n<p>Entertainment promoter licence :<br \/>\nL-R-20-003734 \/ L-R-20-003736<\/p>\n<p>Publishing Director : Jean-Michel LEYGONIE<br \/>\nContent : Jean-Michel and Elie LEYGONIE, and the organising committee for the festival<\/p>\n<p><strong>Data Protection Act<\/strong><br \/>\n\u00c9CLATS D\u2019\u00c9MAIL JAZZ \u00c9DITION undertakes to ensure that the collection and processing of your data conducted from the www.eclatsdemail.com website, comply with the general rules on data protection and the Data Protection Act.<br \/>\nYou have a right of access, of modification, of correction and of deletion of your personal data. To exercise your right, please write to :<br \/>\n\u00c9CLATS D\u2019\u00c9MAIL JAZZ \u00c9DITION \u2013 1, rue Montaigne 87000 Limoges<br \/>\nor by e-mail to contact@eclatsdemail.com<\/p>\n<p><strong>Collection of personal data<\/strong><br \/>\n\u00c9CLATS D\u2019\u00c9MAIL JAZZ \u00c9DITION collects a few personal data : first name, last name, title, postal address, e-mail address, telephone number(s), date of birth. This information is collected when you buy tickets for concerts, when you subscribe to our newsletter, when you buy a record, or via forms (volunteering, press and professional accreditations), or a request for information.<br \/>\nWe also collect computer data (IP address, browser, software, equipment, search and navigation on the pages of our websites).<\/p>\n<p><strong>Use of the data<\/strong><br \/>\nThe collected data are used to :<br \/>\n&#8211; Send you by e-mail information about the \u00c9CLATS D\u2019\u00c9MAIL JAZZ \u00c9DITION festival, the concerts organized by \u00c9CLATS D\u2019\u00c9MAIL JAZZ \u00c9DITION, and information about the institutions partnering with \u00c9CLATS D\u2019\u00c9MAIL JAZZ \u00c9DITION.<br \/>\n&#8211; Send you by e-mail or at your postal address information about ticket orders placed on our website.<br \/>\n&#8211; Contact you by e-mail, telephone or post for any legitimate information about a canceled or postponed event.<br \/>\n&#8211; Send you by e-mail surveys and games.<\/p>\n<p>The computer data is used to produce general statistics for our site with a view to improving it and making it more comfortable to use.<\/p>\n<p><strong>The protection of personal data<\/strong><br \/>\nNo personal information is sold, exchanged nor transferred to third parties.<br \/>\nNo personal data is used for any purposes other than those stated.<\/p>\n<p><strong>Messages<\/strong><br \/>\nThe messages sent over the internet may be intercepted. Do not divulge unnecessary or sensitive personal information. If you wish to send us such information, make sure to use the postal service.<\/p>\n<p><strong>Hyperlinks<\/strong><br \/>\nThe website may contain hyperlinks to other sites not published by \u00c9CLATS D\u2019\u00c9MAIL JAZZ \u00c9DITION. We are therefore not responsible for their content and the possible use of your data. Using a link to another website depends on your sole responsibility.<\/p>\n<p><strong>Copyright<\/strong><br \/>\nThe entire website is subject to the French and international legislation on copyright and intellectual property. All rights are reserved, including for downloadable documents and iconographic and photographic representations.<br \/>\nReproducing all or part of this website on an electronic medium whatsoever is strictly forbidden unless expressly authorized by the publishing Director.<br \/>\nReproducing the texts of this website is strictly forbidden unless expressly authorized by us.<br \/>\nThe brands appearing on this website are registered by their owners.<\/p>\n<p><strong>Privacy Policy \u2013 GDPR<\/strong><br \/>\nIf you wish to request the deletion of some of your data collected by our website, you can do so by writing to contact@eclatsdemail.com<\/p>\n<p>Hosting of the site : 1&amp;1 IONOS<\/p>\n<p><strong>General terms of sale<\/strong><br \/>\nAnyone who purchases a ticket for the \u00c9CLATS D\u2019\u00c9MAIL JAZZ \u00c9DITION festival allows, free of charge, the right to record his\/her image and voice by means of photography or video and the right to use them on all communication materials, physical or digital, in relation to the \u00c9CLATS D\u2019\u00c9MAIL JAZZ \u00c9DITION festival and\/or the promotion of its activities, for a period of 10 years automatically renewed in the absence of a notified denial with a three months notice, and on the European Union territory.[\/vc_column_text][\/vc_column][\/vc_row]<\/p>\n<\/div>","protected":false},"excerpt":{"rendered":"<p>[vc_row][vc_column][vc_empty_space][vc_column_text]Publisher You are currently connected to the website of the \u00c9CLATS D\u2019\u00c9MAIL JAZZ \u00c9DITION festival 1, rue Montaigne 87000 Limoges Entertainment promoter licence : L-R-20-003734 \/ L-R-20-003736 Publishing Director : &#8230;<\/p>\n","protected":false},"author":1,"featured_media":0,"parent":0,"menu_order":12,"comment_status":"closed","ping_status":"closed","template":"","meta":{"footnotes":""},"class_list":["post-129","page","type-page","status-publish","hentry"],"translation":{"provider":"WPGlobus","version":"3.0.2","language":"gb","enabled_languages":["fr","gb"],"languages":{"fr":{"title":true,"content":true,"excerpt":false},"gb":{"title":true,"content":true,"excerpt":false}}},"yoast_head":"<!-- This site is optimized with the Yoast SEO plugin v27.4 - https:\/\/yoast.com\/product\/yoast-seo-wordpress\/ -->\n<title>Legal Notices - Festival \u00c9clats d&#039;\u00c9mail Jazz \u00c9dition<\/title>\n<meta name=\"robots\" content=\"index, follow, max-snippet:-1, max-image-preview:large, max-video-preview:-1\" \/>\n<link rel=\"canonical\" href=\"https:\/\/www.eclatsdemail.com\/mentions-legales\/\" \/>\n<meta property=\"og:locale\" content=\"en_GB\" \/>\n<meta property=\"og:type\" content=\"article\" \/>\n<meta property=\"og:title\" content=\"Legal Notices - Festival \u00c9clats d&#039;\u00c9mail Jazz \u00c9dition\" \/>\n<meta property=\"og:url\" content=\"https:\/\/www.eclatsdemail.com\/mentions-legales\/\" \/>\n<meta property=\"og:site_name\" content=\"Festival \u00c9clats d&#039;\u00c9mail Jazz \u00c9dition\" \/>\n<meta property=\"article:publisher\" content=\"https:\/\/www.facebook.com\/jazzeclatsdemail\" \/>\n<meta property=\"article:modified_time\" content=\"2023-09-28T13:20:00+00:00\" \/>\n<meta name=\"twitter:card\" content=\"summary_large_image\" \/>\n<meta name=\"twitter:site\" content=\"@eclatsemailjazz\" \/>\n<meta name=\"twitter:label1\" content=\"Est. reading time\" \/>\n\t<meta name=\"twitter:data1\" content=\"4 minutes\" \/>\n<script type=\"application\/ld+json\" class=\"yoast-schema-graph\">{\"@context\":\"https:\\\/\\\/schema.org\",\"@graph\":[{\"@type\":\"WebPage\",\"@id\":\"https:\\\/\\\/www.eclatsdemail.com\\\/mentions-legales\\\/\",\"url\":\"https:\\\/\\\/www.eclatsdemail.com\\\/mentions-legales\\\/\",\"name\":\"Legal Notices - Festival \u00c9clats d&#039;\u00c9mail Jazz \u00c9dition\",\"isPartOf\":{\"@id\":\"https:\\\/\\\/www.eclatsdemail.com\\\/#website\"},\"datePublished\":\"2022-05-25T15:07:30+00:00\",\"dateModified\":\"2023-09-28T13:20:00+00:00\",\"breadcrumb\":{\"@id\":\"https:\\\/\\\/www.eclatsdemail.com\\\/mentions-legales\\\/#breadcrumb\"},\"inLanguage\":\"en-GB\",\"potentialAction\":[{\"@type\":\"ReadAction\",\"target\":[\"https:\\\/\\\/www.eclatsdemail.com\\\/mentions-legales\\\/\"]}]},{\"@type\":\"BreadcrumbList\",\"@id\":\"https:\\\/\\\/www.eclatsdemail.com\\\/mentions-legales\\\/#breadcrumb\",\"itemListElement\":[{\"@type\":\"ListItem\",\"position\":1,\"name\":\"Accueil\",\"item\":\"https:\\\/\\\/www.eclatsdemail.com\\\/\"},{\"@type\":\"ListItem\",\"position\":2,\"name\":\"Mentions l\u00e9gales\"}]},{\"@type\":\"WebSite\",\"@id\":\"https:\\\/\\\/www.eclatsdemail.com\\\/#website\",\"url\":\"https:\\\/\\\/www.eclatsdemail.com\\\/\",\"name\":\"Festival \u00c9clats d&#039;\u00c9mail Jazz \u00c9dition\",\"description\":\"2024\",\"publisher\":{\"@id\":\"https:\\\/\\\/www.eclatsdemail.com\\\/#organization\"},\"potentialAction\":[{\"@type\":\"SearchAction\",\"target\":{\"@type\":\"EntryPoint\",\"urlTemplate\":\"https:\\\/\\\/www.eclatsdemail.com\\\/?s={search_term_string}\"},\"query-input\":{\"@type\":\"PropertyValueSpecification\",\"valueRequired\":true,\"valueName\":\"search_term_string\"}}],\"inLanguage\":\"en-GB\"},{\"@type\":\"Organization\",\"@id\":\"https:\\\/\\\/www.eclatsdemail.com\\\/#organization\",\"name\":\"Festival \u00c9clats d'\u00c9mail Jazz \u00c9dition\",\"url\":\"https:\\\/\\\/www.eclatsdemail.com\\\/\",\"logo\":{\"@type\":\"ImageObject\",\"inLanguage\":\"en-GB\",\"@id\":\"https:\\\/\\\/www.eclatsdemail.com\\\/#\\\/schema\\\/logo\\\/image\\\/\",\"url\":\"https:\\\/\\\/www.eclatsdemail.com\\\/wp-content\\\/uploads\\\/2022\\\/05\\\/cropped-logo2022.png\",\"contentUrl\":\"https:\\\/\\\/www.eclatsdemail.com\\\/wp-content\\\/uploads\\\/2022\\\/05\\\/cropped-logo2022.png\",\"width\":616,\"height\":100,\"caption\":\"Festival \u00c9clats d'\u00c9mail Jazz \u00c9dition\"},\"image\":{\"@id\":\"https:\\\/\\\/www.eclatsdemail.com\\\/#\\\/schema\\\/logo\\\/image\\\/\"},\"sameAs\":[\"https:\\\/\\\/www.facebook.com\\\/jazzeclatsdemail\",\"https:\\\/\\\/x.com\\\/eclatsemailjazz\",\"https:\\\/\\\/www.instagram.com\\\/Festival_Eclats_d_Email_JAZZ\\\/\"]}]}<\/script>\n<!-- \/ Yoast SEO plugin. -->","yoast_head_json":{"title":"Legal Notices - Festival \u00c9clats d&#039;\u00c9mail Jazz \u00c9dition","robots":{"index":"index","follow":"follow","max-snippet":"max-snippet:-1","max-image-preview":"max-image-preview:large","max-video-preview":"max-video-preview:-1"},"canonical":"https:\/\/www.eclatsdemail.com\/mentions-legales\/","og_locale":"en_GB","og_type":"article","og_title":"Legal Notices - Festival \u00c9clats d&#039;\u00c9mail Jazz \u00c9dition","og_url":"https:\/\/www.eclatsdemail.com\/mentions-legales\/","og_site_name":"Festival \u00c9clats d&#039;\u00c9mail Jazz \u00c9dition","article_publisher":"https:\/\/www.facebook.com\/jazzeclatsdemail","article_modified_time":"2023-09-28T13:20:00+00:00","twitter_card":"summary_large_image","twitter_site":"@eclatsemailjazz","twitter_misc":{"Est. reading time":"4 minutes"},"schema":{"@context":"https:\/\/schema.org","@graph":[{"@type":"WebPage","@id":"https:\/\/www.eclatsdemail.com\/mentions-legales\/","url":"https:\/\/www.eclatsdemail.com\/mentions-legales\/","name":"Legal Notices - Festival \u00c9clats d&#039;\u00c9mail Jazz \u00c9dition","isPartOf":{"@id":"https:\/\/www.eclatsdemail.com\/#website"},"datePublished":"2022-05-25T15:07:30+00:00","dateModified":"2023-09-28T13:20:00+00:00","breadcrumb":{"@id":"https:\/\/www.eclatsdemail.com\/mentions-legales\/#breadcrumb"},"inLanguage":"en-GB","potentialAction":[{"@type":"ReadAction","target":["https:\/\/www.eclatsdemail.com\/mentions-legales\/"]}]},{"@type":"BreadcrumbList","@id":"https:\/\/www.eclatsdemail.com\/mentions-legales\/#breadcrumb","itemListElement":[{"@type":"ListItem","position":1,"name":"Accueil","item":"https:\/\/www.eclatsdemail.com\/"},{"@type":"ListItem","position":2,"name":"Mentions l\u00e9gales"}]},{"@type":"WebSite","@id":"https:\/\/www.eclatsdemail.com\/#website","url":"https:\/\/www.eclatsdemail.com\/","name":"Festival \u00c9clats d&#039;\u00c9mail Jazz \u00c9dition","description":"2024","publisher":{"@id":"https:\/\/www.eclatsdemail.com\/#organization"},"potentialAction":[{"@type":"SearchAction","target":{"@type":"EntryPoint","urlTemplate":"https:\/\/www.eclatsdemail.com\/?s={search_term_string}"},"query-input":{"@type":"PropertyValueSpecification","valueRequired":true,"valueName":"search_term_string"}}],"inLanguage":"en-GB"},{"@type":"Organization","@id":"https:\/\/www.eclatsdemail.com\/#organization","name":"Festival \u00c9clats d'\u00c9mail Jazz \u00c9dition","url":"https:\/\/www.eclatsdemail.com\/","logo":{"@type":"ImageObject","inLanguage":"en-GB","@id":"https:\/\/www.eclatsdemail.com\/#\/schema\/logo\/image\/","url":"https:\/\/www.eclatsdemail.com\/wp-content\/uploads\/2022\/05\/cropped-logo2022.png","contentUrl":"https:\/\/www.eclatsdemail.com\/wp-content\/uploads\/2022\/05\/cropped-logo2022.png","width":616,"height":100,"caption":"Festival \u00c9clats d'\u00c9mail Jazz \u00c9dition"},"image":{"@id":"https:\/\/www.eclatsdemail.com\/#\/schema\/logo\/image\/"},"sameAs":["https:\/\/www.facebook.com\/jazzeclatsdemail","https:\/\/x.com\/eclatsemailjazz","https:\/\/www.instagram.com\/Festival_Eclats_d_Email_JAZZ\/"]}]}},"_links":{"self":[{"href":"https:\/\/www.eclatsdemail.com\/gb\/wp-json\/wp\/v2\/pages\/129","targetHints":{"allow":["GET"]}}],"collection":[{"href":"https:\/\/www.eclatsdemail.com\/gb\/wp-json\/wp\/v2\/pages"}],"about":[{"href":"https:\/\/www.eclatsdemail.com\/gb\/wp-json\/wp\/v2\/types\/page"}],"author":[{"embeddable":true,"href":"https:\/\/www.eclatsdemail.com\/gb\/wp-json\/wp\/v2\/users\/1"}],"replies":[{"embeddable":true,"href":"https:\/\/www.eclatsdemail.com\/gb\/wp-json\/wp\/v2\/comments?post=129"}],"version-history":[{"count":15,"href":"https:\/\/www.eclatsdemail.com\/gb\/wp-json\/wp\/v2\/pages\/129\/revisions"}],"predecessor-version":[{"id":10523,"href":"https:\/\/www.eclatsdemail.com\/gb\/wp-json\/wp\/v2\/pages\/129\/revisions\/10523"}],"wp:attachment":[{"href":"https:\/\/www.eclatsdemail.com\/gb\/wp-json\/wp\/v2\/media?parent=129"}],"curies":[{"name":"wp","href":"https:\/\/api.w.org\/{rel}","templated":true}]}}