{"id":12391,"date":"2025-09-08T13:43:06","date_gmt":"2025-09-08T11:43:06","guid":{"rendered":"https:\/\/www.eclatsdemail.com\/?page_id=12391"},"modified":"2025-09-12T16:52:24","modified_gmt":"2025-09-12T14:52:24","slug":"visite-entreprise","status":"publish","type":"page","link":"https:\/\/www.eclatsdemail.com\/gb\/autour-du-festival\/visite-entreprise\/","title":{"rendered":"Les visites d&#8217;entreprise"},"content":{"rendered":"<div class=\"wpb-content-wrapper\"><p>[vc_row][vc_column][vc_empty_space][vc_column_text css=&#8221;&#8221;]<\/p>\n<p data-start=\"53\" data-end=\"468\">On the occasion of the 20th edition of the \u00c9clats d\u2019\u00c9mail Jazz Festival, we invite you to a unique experience: discovering behind the scenes of two local companies, <strong data-start=\"218\" data-end=\"228\">Uniqua<\/strong> and <strong data-start=\"233\" data-end=\"251\">HiFi R\u00e9f\u00e9rence<\/strong>, both partners of the festival.<br data-start=\"283\" data-end=\"286\" \/>These visits, organized in collaboration with the <strong data-start=\"336\" data-end=\"400\">Chamber of Commerce and Industry of Limoges and Haute-Vienne<\/strong>, highlight the excellence and diversity of our region\u2019s know-how.<\/p>\n<p data-start=\"470\" data-end=\"693\">Since its creation, the festival has always aimed to be more than just a musical event: a unifying celebration that contributes both to the cultural vitality and to the economic visibility of Limoges and its stakeholders.<\/p>\n<p>Ces visites d&#8217;entreprises sont r\u00e9alis\u00e9es avec le soutien de :<br \/>\n<img loading=\"lazy\" decoding=\"async\" class=\"alignnone size-full wp-image-12392\" src=\"https:\/\/www.eclatsdemail.com\/wp-content\/uploads\/2025\/09\/CCI.png\" alt=\"\" width=\"137\" height=\"36\" \/>[\/vc_column_text][\/vc_column][\/vc_row][vc_row][vc_column][vc_empty_space][vc_row_inner][vc_column_inner width=&#8221;1\/3&#8243;][vc_single_image image=&#8221;12389&#8243; img_size=&#8221;large&#8221; css=&#8221;.vc_custom_1757330778401{margin-bottom: 0px !important;padding-bottom: 0px !important;}&#8221;][\/vc_column_inner][vc_column_inner width=&#8221;2\/3&#8243;][vc_column_text css=&#8221;&#8221;]<\/p>\n<p data-start=\"92\" data-end=\"154\"><strong data-start=\"92\" data-end=\"152\">HIFI R\u00c9F\u00c9RENCE \u2013 COMPANY VISIT \u2013 \u201cDISCOVER OUR KNOW-HOW\u201d<\/strong><\/p>\n<p data-start=\"156\" data-end=\"807\">Hifi-R\u00e9f\u00e9rence is the specialist in Limoges for high-quality hi-fi, designed above all for listening to music and recreating at home the emotion of a live concert or a studio recording. Passionate from the very beginning and a professional for twenty years, Laurent Cormary has selected the best products for you and will guide you in choosing under conditions close to those of your own living room or dedicated listening space.<br data-start=\"585\" data-end=\"588\" \/>At a time when online sales are overtaking traditional channels, some retailers are taking a counter-current approach, relying on advice and personalized listening\u2014indispensable ingredients to equip yourself properly.<\/p>\n<p data-start=\"809\" data-end=\"994\">Hifi R\u00e9f\u00e9rence markets, among others, the brands ATOLL, ATOHM, CAMBRIDGE AUDIO, MONITOR AUDIO, APERTURA, ELIPSON, NORSTONE, ATACAMA, LUXMAN, TAGA HARMONY, EXPOSURE, and ESPRIT C\u00e2bles.<\/p>\n<p data-start=\"996\" data-end=\"1373\">In partnership with the \u00c9clats d\u2019Email Jazz Edition Festival, Hifi R\u00e9f\u00e9rence welcomes you in September, from Tuesday to Saturday, starting at 7 p.m., to exclusively listen to the Playlist of the Artists invited for the 20th Edition. A unique opportunity to (re)discover with joy and intensity Justina LEE BROWN, D.K HARRELL, Kenny BARRON, Renaud GARCIA-FONS, and many others.<\/p>\n<p data-start=\"1375\" data-end=\"1665\"><strong data-start=\"1375\" data-end=\"1400\">PRACTICAL INFORMATION<\/strong><br data-start=\"1400\" data-end=\"1403\" \/>Hifi R\u00e9f\u00e9rence<br data-start=\"1417\" data-end=\"1420\" \/>41 avenue Adrien Tarrade, Limoges<br data-start=\"1453\" data-end=\"1456\" \/>Maximum capacity per evening: 15 people<br data-start=\"1495\" data-end=\"1498\" \/>Duration: 1h30, from 7 p.m. to 9:30 p.m.<br data-start=\"1538\" data-end=\"1541\" \/>Registration required for each evening by email at <a class=\"decorated-link cursor-pointer\" rel=\"noopener\" data-start=\"1592\" data-end=\"1616\">hifi-reference@orange.fr<\/a> or by phone at 05 44 24 80 94. Free admission.<\/p>\n<p data-start=\"1667\" data-end=\"1765\"><strong data-start=\"1667\" data-end=\"1680\">Schedule:<\/strong><br data-start=\"1680\" data-end=\"1683\" \/>In October : 14, 15, 16, and 17<\/p>\n<p>[\/vc_column_text][\/vc_column_inner][\/vc_row_inner][vc_empty_space][vc_row_inner][vc_column_inner width=&#8221;1\/3&#8243;][vc_single_image image=&#8221;12388&#8243; img_size=&#8221;large&#8221; css=&#8221;.vc_custom_1757330796027{margin-bottom: 0px !important;padding-bottom: 0px !important;}&#8221;][\/vc_column_inner][vc_column_inner width=&#8221;2\/3&#8243;][vc_column_text css=&#8221;&#8221;]<\/p>\n<p data-start=\"106\" data-end=\"160\"><strong data-start=\"106\" data-end=\"158\">UNIQUA \u2013 COMPANY VISIT \u2013 \u201cDISCOVER OUR KNOW-HOW\u201d<\/strong><\/p>\n<p data-start=\"162\" data-end=\"598\"><strong data-start=\"162\" data-end=\"188\">WEDNESDAY, NOVEMBER 19<\/strong><br data-start=\"188\" data-end=\"191\" \/>Uniqua Limoges is a brand from Limoges specialized in the manufacturing of customizable sneakers. The concept was born from a heritage of several generations of shoemakers and from the desire to bring novelty and modernity to the footwear sector. Passion for the craft, the sharing of this know-how, and the will to work locally shaped the idea of launching a brand of sneakers with endless possibilities.<\/p>\n<p data-start=\"600\" data-end=\"924\">In October 2021, Julien Jourdanne embarked on this adventure and created the first models in his garage. A few weeks later, Uniqua took part in the \u201cMade in France Fair\u201d and won the Innovation Award. Many regional artists collaborate with the brand Uniqua Limoges to design authentic models in limited and numbered series.<\/p>\n<p data-start=\"926\" data-end=\"1474\">In the fall of 2024, new premises located at 25 Rue Adrien Dubouch\u00e9 in Limoges became the creative hub of the company. The relationship between Uniqua and the Festival began at the very creation of the brand, both being convinced of the strong communication brought by the event. For the 20th Edition of the Festival, on Wednesday, November 19, a group of 20 people will have the opportunity to discover the site, attend the design and creation of a sneaker, and end the day with one of the best Blues bands in Nouvelle-Aquitaine: Bourbon Street.<\/p>\n<p data-start=\"1476\" data-end=\"1517\"><strong data-start=\"1476\" data-end=\"1515\">SCHEDULE FOR WEDNESDAY, NOVEMBER 19<\/strong><\/p>\n<p>Group welcome: 10 a.m. \/ 11 a.m. \u2013 workshop tour and manufacturing demonstration<br \/>\nGroup return: 5 p.m. \/ 6 p.m. \u2013 sneaker finalization<br \/>\nBourbon Street concert: 6 p.m. \/ 7 p.m., followed by a friendly drink<br \/>\nRegistration: <a href=\"https:\/\/uniqua-limoges.fr\">Inscription<\/a>[\/vc_column_text][\/vc_column_inner][\/vc_row_inner][vc_empty_space][\/vc_column][\/vc_row]<\/p>\n<\/div>","protected":false},"excerpt":{"rendered":"<p>[vc_row][vc_column][vc_empty_space][vc_column_text css=&#8221;&#8221;] On the occasion of the 20th edition of the \u00c9clats d\u2019\u00c9mail Jazz Festival, we invite you to a unique experience: discovering behind the scenes of two local companies, &#8230;<\/p>\n","protected":false},"author":1,"featured_media":12384,"parent":1657,"menu_order":0,"comment_status":"closed","ping_status":"closed","template":"","meta":{"footnotes":""},"class_list":["post-12391","page","type-page","status-publish","has-post-thumbnail","hentry"],"translation":{"provider":"WPGlobus","version":"3.0.2","language":"gb","enabled_languages":["fr","gb"],"languages":{"fr":{"title":true,"content":true,"excerpt":false},"gb":{"title":true,"content":true,"excerpt":false}}},"yoast_head":"<!-- This site is optimized with the Yoast SEO plugin v27.4 - https:\/\/yoast.com\/product\/yoast-seo-wordpress\/ -->\n<title>Les visites d&#039;entreprise - Festival \u00c9clats d&#039;\u00c9mail Jazz \u00c9dition<\/title>\n<meta name=\"robots\" content=\"index, follow, max-snippet:-1, max-image-preview:large, max-video-preview:-1\" \/>\n<link rel=\"canonical\" href=\"https:\/\/www.eclatsdemail.com\/autour-du-festival\/visite-entreprise\/\" \/>\n<meta property=\"og:locale\" content=\"en_GB\" \/>\n<meta property=\"og:type\" content=\"article\" \/>\n<meta property=\"og:title\" content=\"Les visites d&#039;entreprise - Festival \u00c9clats d&#039;\u00c9mail Jazz \u00c9dition\" \/>\n<meta property=\"og:url\" content=\"https:\/\/www.eclatsdemail.com\/autour-du-festival\/visite-entreprise\/\" \/>\n<meta property=\"og:site_name\" content=\"Festival \u00c9clats d&#039;\u00c9mail Jazz \u00c9dition\" \/>\n<meta property=\"article:publisher\" content=\"https:\/\/www.facebook.com\/jazzeclatsdemail\" \/>\n<meta property=\"article:modified_time\" content=\"2025-09-12T14:52:24+00:00\" \/>\n<meta property=\"og:image\" content=\"https:\/\/www.eclatsdemail.com\/wp-content\/uploads\/2025\/09\/Uniqua.jpg\" \/>\n\t<meta property=\"og:image:width\" content=\"1890\" \/>\n\t<meta property=\"og:image:height\" content=\"1890\" \/>\n\t<meta property=\"og:image:type\" content=\"image\/jpeg\" \/>\n<meta name=\"twitter:card\" content=\"summary_large_image\" \/>\n<meta name=\"twitter:site\" content=\"@eclatsemailjazz\" \/>\n<meta name=\"twitter:label1\" content=\"Est. reading time\" \/>\n\t<meta name=\"twitter:data1\" content=\"5 minutes\" \/>\n<script type=\"application\/ld+json\" class=\"yoast-schema-graph\">{\"@context\":\"https:\\\/\\\/schema.org\",\"@graph\":[{\"@type\":\"WebPage\",\"@id\":\"https:\\\/\\\/www.eclatsdemail.com\\\/autour-du-festival\\\/visite-entreprise\\\/\",\"url\":\"https:\\\/\\\/www.eclatsdemail.com\\\/autour-du-festival\\\/visite-entreprise\\\/\",\"name\":\"Les visites d'entreprise - Festival \u00c9clats d&#039;\u00c9mail Jazz \u00c9dition\",\"isPartOf\":{\"@id\":\"https:\\\/\\\/www.eclatsdemail.com\\\/#website\"},\"primaryImageOfPage\":{\"@id\":\"https:\\\/\\\/www.eclatsdemail.com\\\/autour-du-festival\\\/visite-entreprise\\\/#primaryimage\"},\"image\":{\"@id\":\"https:\\\/\\\/www.eclatsdemail.com\\\/autour-du-festival\\\/visite-entreprise\\\/#primaryimage\"},\"thumbnailUrl\":\"https:\\\/\\\/www.eclatsdemail.com\\\/wp-content\\\/uploads\\\/2025\\\/09\\\/Uniqua.jpg\",\"datePublished\":\"2025-09-08T11:43:06+00:00\",\"dateModified\":\"2025-09-12T14:52:24+00:00\",\"breadcrumb\":{\"@id\":\"https:\\\/\\\/www.eclatsdemail.com\\\/autour-du-festival\\\/visite-entreprise\\\/#breadcrumb\"},\"inLanguage\":\"en-GB\",\"potentialAction\":[{\"@type\":\"ReadAction\",\"target\":[\"https:\\\/\\\/www.eclatsdemail.com\\\/autour-du-festival\\\/visite-entreprise\\\/\"]}]},{\"@type\":\"ImageObject\",\"inLanguage\":\"en-GB\",\"@id\":\"https:\\\/\\\/www.eclatsdemail.com\\\/autour-du-festival\\\/visite-entreprise\\\/#primaryimage\",\"url\":\"https:\\\/\\\/www.eclatsdemail.com\\\/wp-content\\\/uploads\\\/2025\\\/09\\\/Uniqua.jpg\",\"contentUrl\":\"https:\\\/\\\/www.eclatsdemail.com\\\/wp-content\\\/uploads\\\/2025\\\/09\\\/Uniqua.jpg\",\"width\":1890,\"height\":1890},{\"@type\":\"BreadcrumbList\",\"@id\":\"https:\\\/\\\/www.eclatsdemail.com\\\/autour-du-festival\\\/visite-entreprise\\\/#breadcrumb\",\"itemListElement\":[{\"@type\":\"ListItem\",\"position\":1,\"name\":\"Accueil\",\"item\":\"https:\\\/\\\/www.eclatsdemail.com\\\/\"},{\"@type\":\"ListItem\",\"position\":2,\"name\":\"Autour du Festival\",\"item\":\"https:\\\/\\\/www.eclatsdemail.com\\\/autour-du-festival\\\/\"},{\"@type\":\"ListItem\",\"position\":3,\"name\":\"Les visites d&rsquo;entreprise\"}]},{\"@type\":\"WebSite\",\"@id\":\"https:\\\/\\\/www.eclatsdemail.com\\\/#website\",\"url\":\"https:\\\/\\\/www.eclatsdemail.com\\\/\",\"name\":\"Festival \u00c9clats d&#039;\u00c9mail Jazz \u00c9dition\",\"description\":\"2024\",\"publisher\":{\"@id\":\"https:\\\/\\\/www.eclatsdemail.com\\\/#organization\"},\"potentialAction\":[{\"@type\":\"SearchAction\",\"target\":{\"@type\":\"EntryPoint\",\"urlTemplate\":\"https:\\\/\\\/www.eclatsdemail.com\\\/?s={search_term_string}\"},\"query-input\":{\"@type\":\"PropertyValueSpecification\",\"valueRequired\":true,\"valueName\":\"search_term_string\"}}],\"inLanguage\":\"en-GB\"},{\"@type\":\"Organization\",\"@id\":\"https:\\\/\\\/www.eclatsdemail.com\\\/#organization\",\"name\":\"Festival \u00c9clats d'\u00c9mail Jazz \u00c9dition\",\"url\":\"https:\\\/\\\/www.eclatsdemail.com\\\/\",\"logo\":{\"@type\":\"ImageObject\",\"inLanguage\":\"en-GB\",\"@id\":\"https:\\\/\\\/www.eclatsdemail.com\\\/#\\\/schema\\\/logo\\\/image\\\/\",\"url\":\"https:\\\/\\\/www.eclatsdemail.com\\\/wp-content\\\/uploads\\\/2022\\\/05\\\/cropped-logo2022.png\",\"contentUrl\":\"https:\\\/\\\/www.eclatsdemail.com\\\/wp-content\\\/uploads\\\/2022\\\/05\\\/cropped-logo2022.png\",\"width\":616,\"height\":100,\"caption\":\"Festival \u00c9clats d'\u00c9mail Jazz \u00c9dition\"},\"image\":{\"@id\":\"https:\\\/\\\/www.eclatsdemail.com\\\/#\\\/schema\\\/logo\\\/image\\\/\"},\"sameAs\":[\"https:\\\/\\\/www.facebook.com\\\/jazzeclatsdemail\",\"https:\\\/\\\/x.com\\\/eclatsemailjazz\",\"https:\\\/\\\/www.instagram.com\\\/Festival_Eclats_d_Email_JAZZ\\\/\"]}]}<\/script>\n<!-- \/ Yoast SEO plugin. -->","yoast_head_json":{"title":"Les visites d'entreprise - Festival \u00c9clats d&#039;\u00c9mail Jazz \u00c9dition","robots":{"index":"index","follow":"follow","max-snippet":"max-snippet:-1","max-image-preview":"max-image-preview:large","max-video-preview":"max-video-preview:-1"},"canonical":"https:\/\/www.eclatsdemail.com\/autour-du-festival\/visite-entreprise\/","og_locale":"en_GB","og_type":"article","og_title":"Les visites d'entreprise - Festival \u00c9clats d&#039;\u00c9mail Jazz \u00c9dition","og_url":"https:\/\/www.eclatsdemail.com\/autour-du-festival\/visite-entreprise\/","og_site_name":"Festival \u00c9clats d&#039;\u00c9mail Jazz \u00c9dition","article_publisher":"https:\/\/www.facebook.com\/jazzeclatsdemail","article_modified_time":"2025-09-12T14:52:24+00:00","og_image":[{"width":1890,"height":1890,"url":"https:\/\/www.eclatsdemail.com\/wp-content\/uploads\/2025\/09\/Uniqua.jpg","type":"image\/jpeg"}],"twitter_card":"summary_large_image","twitter_site":"@eclatsemailjazz","twitter_misc":{"Est. reading time":"5 minutes"},"schema":{"@context":"https:\/\/schema.org","@graph":[{"@type":"WebPage","@id":"https:\/\/www.eclatsdemail.com\/autour-du-festival\/visite-entreprise\/","url":"https:\/\/www.eclatsdemail.com\/autour-du-festival\/visite-entreprise\/","name":"Les visites d'entreprise - Festival \u00c9clats d&#039;\u00c9mail Jazz \u00c9dition","isPartOf":{"@id":"https:\/\/www.eclatsdemail.com\/#website"},"primaryImageOfPage":{"@id":"https:\/\/www.eclatsdemail.com\/autour-du-festival\/visite-entreprise\/#primaryimage"},"image":{"@id":"https:\/\/www.eclatsdemail.com\/autour-du-festival\/visite-entreprise\/#primaryimage"},"thumbnailUrl":"https:\/\/www.eclatsdemail.com\/wp-content\/uploads\/2025\/09\/Uniqua.jpg","datePublished":"2025-09-08T11:43:06+00:00","dateModified":"2025-09-12T14:52:24+00:00","breadcrumb":{"@id":"https:\/\/www.eclatsdemail.com\/autour-du-festival\/visite-entreprise\/#breadcrumb"},"inLanguage":"en-GB","potentialAction":[{"@type":"ReadAction","target":["https:\/\/www.eclatsdemail.com\/autour-du-festival\/visite-entreprise\/"]}]},{"@type":"ImageObject","inLanguage":"en-GB","@id":"https:\/\/www.eclatsdemail.com\/autour-du-festival\/visite-entreprise\/#primaryimage","url":"https:\/\/www.eclatsdemail.com\/wp-content\/uploads\/2025\/09\/Uniqua.jpg","contentUrl":"https:\/\/www.eclatsdemail.com\/wp-content\/uploads\/2025\/09\/Uniqua.jpg","width":1890,"height":1890},{"@type":"BreadcrumbList","@id":"https:\/\/www.eclatsdemail.com\/autour-du-festival\/visite-entreprise\/#breadcrumb","itemListElement":[{"@type":"ListItem","position":1,"name":"Accueil","item":"https:\/\/www.eclatsdemail.com\/"},{"@type":"ListItem","position":2,"name":"Autour du Festival","item":"https:\/\/www.eclatsdemail.com\/autour-du-festival\/"},{"@type":"ListItem","position":3,"name":"Les visites d&rsquo;entreprise"}]},{"@type":"WebSite","@id":"https:\/\/www.eclatsdemail.com\/#website","url":"https:\/\/www.eclatsdemail.com\/","name":"Festival \u00c9clats d&#039;\u00c9mail Jazz \u00c9dition","description":"2024","publisher":{"@id":"https:\/\/www.eclatsdemail.com\/#organization"},"potentialAction":[{"@type":"SearchAction","target":{"@type":"EntryPoint","urlTemplate":"https:\/\/www.eclatsdemail.com\/?s={search_term_string}"},"query-input":{"@type":"PropertyValueSpecification","valueRequired":true,"valueName":"search_term_string"}}],"inLanguage":"en-GB"},{"@type":"Organization","@id":"https:\/\/www.eclatsdemail.com\/#organization","name":"Festival \u00c9clats d'\u00c9mail Jazz \u00c9dition","url":"https:\/\/www.eclatsdemail.com\/","logo":{"@type":"ImageObject","inLanguage":"en-GB","@id":"https:\/\/www.eclatsdemail.com\/#\/schema\/logo\/image\/","url":"https:\/\/www.eclatsdemail.com\/wp-content\/uploads\/2022\/05\/cropped-logo2022.png","contentUrl":"https:\/\/www.eclatsdemail.com\/wp-content\/uploads\/2022\/05\/cropped-logo2022.png","width":616,"height":100,"caption":"Festival \u00c9clats d'\u00c9mail Jazz \u00c9dition"},"image":{"@id":"https:\/\/www.eclatsdemail.com\/#\/schema\/logo\/image\/"},"sameAs":["https:\/\/www.facebook.com\/jazzeclatsdemail","https:\/\/x.com\/eclatsemailjazz","https:\/\/www.instagram.com\/Festival_Eclats_d_Email_JAZZ\/"]}]}},"_links":{"self":[{"href":"https:\/\/www.eclatsdemail.com\/gb\/wp-json\/wp\/v2\/pages\/12391","targetHints":{"allow":["GET"]}}],"collection":[{"href":"https:\/\/www.eclatsdemail.com\/gb\/wp-json\/wp\/v2\/pages"}],"about":[{"href":"https:\/\/www.eclatsdemail.com\/gb\/wp-json\/wp\/v2\/types\/page"}],"author":[{"embeddable":true,"href":"https:\/\/www.eclatsdemail.com\/gb\/wp-json\/wp\/v2\/users\/1"}],"replies":[{"embeddable":true,"href":"https:\/\/www.eclatsdemail.com\/gb\/wp-json\/wp\/v2\/comments?post=12391"}],"version-history":[{"count":10,"href":"https:\/\/www.eclatsdemail.com\/gb\/wp-json\/wp\/v2\/pages\/12391\/revisions"}],"predecessor-version":[{"id":12432,"href":"https:\/\/www.eclatsdemail.com\/gb\/wp-json\/wp\/v2\/pages\/12391\/revisions\/12432"}],"up":[{"embeddable":true,"href":"https:\/\/www.eclatsdemail.com\/gb\/wp-json\/wp\/v2\/pages\/1657"}],"wp:featuredmedia":[{"embeddable":true,"href":"https:\/\/www.eclatsdemail.com\/gb\/wp-json\/wp\/v2\/media\/12384"}],"wp:attachment":[{"href":"https:\/\/www.eclatsdemail.com\/gb\/wp-json\/wp\/v2\/media?parent=12391"}],"curies":[{"name":"wp","href":"https:\/\/api.w.org\/{rel}","templated":true}]}}