{"id":11857,"date":"2025-05-12T16:02:32","date_gmt":"2025-05-12T14:02:32","guid":{"rendered":"https:\/\/www.eclatsdemail.com\/?page_id=11857"},"modified":"2025-11-18T16:35:54","modified_gmt":"2025-11-18T15:35:54","slug":"tigran-hamasyan-quartet","status":"publish","type":"page","link":"https:\/\/www.eclatsdemail.com\/gb\/agenda-2025\/tigran-hamasyan-quartet\/","title":{"rendered":"TIGRAN HAMASYAN &#8220;Manifeste&#8221;"},"content":{"rendered":"<div class=\"wpb-content-wrapper\"><p>[vc_row][vc_column][vc_empty_space][\/vc_column][\/vc_row][vc_row][vc_column width=&#8221;3\/4&#8243;][vc_single_image image=&#8221;12290&#8243; img_size=&#8221;large&#8221; css=&#8221;.vc_custom_1755876190995{margin-bottom: 0px !important;padding-bottom: 0px !important;}&#8221;][vc_column_text css=&#8221;&#8221;]<\/p>\n<p style=\"text-align: right; font-size: 10px;\">Photo : Arnos Martirosyan<\/p>\n<p>[\/vc_column_text][vc_column_text css=&#8221;&#8221;]<span style=\"font-weight: 400;\">During the 3rd edition of the Eclats d\u2019Email Jazz Edition, particularly on November 17 and 18 of 2008, the Limoges audience of the Th\u00e9atre Expression 7 discovered a 21-year-old phenomenon. Two evenings, two solo pianos, two exceptional concerts, two moments engraved forever. Nowadays, Tigran Hamasyan is considered as one of the most remarkable and distinctive jazz\/rock pianists\/composers of his generation. A piano virtuoso with a powerful groove, Hamasyan seamlessly blends a powerful jazz improvisation and progressive rock with the rich folk music of his native Armenia. Often compared to Keith Jarrett for his tormented performances, he achieves high levels of intensity. For this 20<\/span><span style=\"font-weight: 400;\">th<\/span><span style=\"font-weight: 400;\"> edition, he is back with the most ambitious project in his career after 5 years of conceptualizing, \u201cThe Bird Of a Thousand Voices\u201d. Inspired by an eponymous Armenian mythological tale (Hazaran Blbul) and staged in particular under various forms of cinematic fictions, Tigran Hamasyan immerses us into an old oral and cultural tradition from his home country,\u00a0 the tradition of \u201cthe Bird of the thousand voices\u201d. In a fervent dialogue with his three other musicians and Areni Agbadian, a singer with an angelic voice, he delivers the depth of this project developed during the months of confinement in his home studio of Los Angeles (the pianist has since returned to Armenia with his family to get back to his homeland threatened by neighbouring Azerbaijan) and nurtured by his long-standing collaboration with drummer and sound engineer Nate Wood, with whom Tigran recorded the project basics. This repertoire includes as well traditional Armenian melodies (such as those he recorded with the Erevan National Choir in 2024 for ECM) as others, created with his hands, which, in his own words, \u201ccould have been composed in ancient times\u201d. Convinced that this immemorial initiatory tale holds\u00a0 \u00a0 \u00a0 \u201cthe power of showing us a way towards the deepest part of ourselves and of transforming ourselves, in order to help us discover what we are able to accomplish so as to change the world\u201d, the pianist claims the spiritual dimension of his work of which he wants to believe that, in the troubled times we are living in, it can help us reconnect with inner harmony and peace.<\/span><\/p>\n<p>&nbsp;<\/p>\n<p><a href=\"https:\/\/www.radiofrance.fr\/francemusique\"><span style=\"font-size: 14pt;\"><strong>Concert enregistr\u00e9 par France Musique et diffus\u00e9 le samedi 29 novembre \u00e0 20H, pr\u00e9sent\u00e9 par Nathalie Piol\u00e9 puis disponible en streaming sur le site de France Musique et l\u2019appli Radio France.<\/strong><\/span><\/a><\/p>\n<p><img loading=\"lazy\" decoding=\"async\" class=\"alignnone wp-image-11663\" src=\"https:\/\/www.eclatsdemail.com\/wp-content\/uploads\/2024\/11\/Capture-decran-2024-11-08-160227.png\" alt=\"\" width=\"145\" height=\"144\" srcset=\"https:\/\/www.eclatsdemail.com\/wp-content\/uploads\/2024\/11\/Capture-decran-2024-11-08-160227.png 498w, https:\/\/www.eclatsdemail.com\/wp-content\/uploads\/2024\/11\/Capture-decran-2024-11-08-160227-300x298.png 300w, https:\/\/www.eclatsdemail.com\/wp-content\/uploads\/2024\/11\/Capture-decran-2024-11-08-160227-150x150.png 150w\" sizes=\"auto, (max-width: 145px) 100vw, 145px\" \/>[\/vc_column_text][vc_column_text css=&#8221;&#8221;]<strong>Line-up\u00a0:<br \/>\n<\/strong>Tigran Hamasyan \u2013 Piano \/ Claviers \/ Chant<br \/>\nYessai Karapetian \u2013 Claviers<br \/>\nMarc Karapetian \u2013 Basse \/ Chant<br \/>\nArman Mnatsakanyan \u2013 Batterie<strong><br \/>\n<\/strong>[\/vc_column_text][vc_video link=&#8221;https:\/\/www.youtube.com\/watch?v=Wqlb6oIy3jM&#8221; css=&#8221;&#8221;][\/vc_column][vc_column width=&#8221;1\/4&#8243;][vc_column_text css=&#8221;.vc_custom_1747058518093{padding-top: 10px !important;padding-right: 10px !important;padding-bottom: 10px !important;padding-left: 10px !important;background-color: #ffff00 !important;}&#8221;]<\/p>\n<h3 class=\"date-concert\">THURSDAY NOVEMBER 20<br \/>\n8:00 PM<br \/>\nGRAND TH\u00c9\u00c2TRE &#8211; LIMOGES<\/h3>\n<h3 class=\"date-concert\">FREE PLACEMENT<\/h3>\n<p>[\/vc_column_text][vc_single_image image=&#8221;2120&#8243; img_size=&#8221;medium&#8221; onclick=&#8221;custom_link&#8221; img_link_target=&#8221;_blank&#8221; css=&#8221;&#8221; link=&#8221;https:\/\/www.operalimoges.fr\/&#8221;][vc_custom_heading text=&#8221;FULL PRICE : 30 \u20ac (excluding Weezevent commission)&#8221; font_container=&#8221;tag:h2|font_size:20|text_align:left|color:%23000000&#8243; use_theme_fonts=&#8221;yes&#8221;][vc_column_text]<span style=\"font-family: tilt-neon;\">REDUCED PRICE : For more information, please contact the Op\u00e9ra de Limoges &#8211; Grand Th\u00e9\u00e2tre : 05 55 45 95 95 \/ billetterie@operalimoges.fr<\/span>[\/vc_column_text][vc_column_text css=&#8221;.vc_custom_1679923533594{padding-top: 10px !important;padding-right: 10px !important;padding-bottom: 10px !important;padding-left: 10px !important;background-color: #ffff00 !important;}&#8221;]<\/p>\n<h3 class=\"places\">GET YOUR TICKETS<\/h3>\n<p>[\/vc_column_text][vc_raw_html css=&#8221;&#8221;]JTNDYSUyMHRpdGxlJTNEJTIyTG9naWNpZWwlMjBiaWxsZXR0ZXJpZSUyMGVuJTIwbGlnbmUlMjIlMEElMjAlMjAlMjBocmVmJTNEJTIyaHR0cHMlM0ElMkYlMkZ3ZWV6ZXZlbnQuY29tJTJGJTNGYyUzRHN5c193aWRnZXQlMjIlMEElMjAlMjAlMjBjbGFzcyUzRCUyMndlZXpldmVudC13aWRnZXQtaW50ZWdyYXRpb24lMjIlMEElMjAlMjAlMjBkYXRhLXNyYyUzRCUyMmh0dHBzJTNBJTJGJTJGd2lkZ2V0LndlZXpldmVudC5jb20lMkZ0aWNrZXQlMkZFMTMxMDI3NSUyRiUzRmNvZGUlM0Q3Mzk4JTI2bG9jYWxlJTNEZnItRlIlMjZ3aWR0aF9hdXRvJTNEMSUyNmNvbG9yX3ByaW1hcnklM0QwMEFFRUYlMjIlMEElMjAlMjAlMjBkYXRhLXdpZHRoJTNEJTIyNjUwJTIyJTBBJTIwJTIwJTIwZGF0YS1oZWlnaHQlM0QlMjI2MDAlMjIlMEElMjAlMjAlMjBkYXRhLWlkJTNEJTIyMTMxMDI3NSUyMiUwQSUyMCUyMCUyMGRhdGEtcmVzaXplJTNEJTIyMSUyMiUwQSUyMCUyMCUyMGRhdGEtd2lkdGhfYXV0byUzRCUyMjElMjIlMEElMjAlMjAlMjBkYXRhLW5vc2Nyb2xsJTNEJTIyMCUyMiUwQSUyMCUyMCUyMGRhdGEtdXNlLWNvbnRhaW5lciUzRCUyMnllcyUyMiUwQSUyMCUyMCUyMGRhdGEtdHlwZSUzRCUyMm5lbyUyMiUwQSUyMCUyMCUyMHRhcmdldCUzRCUyMl9ibGFuayUyMiUzRUJpbGxldHRlcmllJTIwV2VlemV2ZW50JTNDJTJGYSUzRSUyMCUzQ3NjcmlwdCUyMHR5cGUlM0QlMjJ0ZXh0JTJGamF2YXNjcmlwdCUyMiUyMHNyYyUzRCUyMmh0dHBzJTNBJTJGJTJGd2lkZ2V0LndlZXpldmVudC5jb20lMkZ3ZWV6LmpzJTIyJTNFJTNDJTJGc2NyaXB0JTNFJTBB[\/vc_raw_html][vc_btn title=&#8221;Choose the <strong>FESTIVAL PASS<\/strong> for 4, 6 or 8 concerts and enjoy even more interesting rates.&#8221; style=&#8221;classic&#8221; shape=&#8221;square&#8221; color=&#8221;black&#8221; css=&#8221;&#8221; link=&#8221;url:https%3A%2F%2Fwww.eclatsdemail.com%2Fgb%2Fbilletterie%2F&#8221;][\/vc_column][\/vc_row][vc_row][vc_column][\/vc_column][\/vc_row]<\/p>\n<\/div>","protected":false},"excerpt":{"rendered":"<p>[vc_row][vc_column][vc_empty_space][\/vc_column][\/vc_row][vc_row][vc_column width=&#8221;3\/4&#8243;][vc_single_image image=&#8221;12290&#8243; img_size=&#8221;large&#8221; css=&#8221;.vc_custom_1755876190995{margin-bottom: 0px !important;padding-bottom: 0px !important;}&#8221;][vc_column_text css=&#8221;&#8221;] Photo : Arnos Martirosyan [\/vc_column_text][vc_column_text css=&#8221;&#8221;]During the 3rd edition of the Eclats d\u2019Email Jazz Edition, particularly on November 17 and &#8230;<\/p>\n","protected":false},"author":1,"featured_media":12290,"parent":11769,"menu_order":1,"comment_status":"closed","ping_status":"closed","template":"","meta":{"footnotes":""},"class_list":["post-11857","page","type-page","status-publish","has-post-thumbnail","hentry"],"translation":{"provider":"WPGlobus","version":"3.0.2","language":"gb","enabled_languages":["fr","gb"],"languages":{"fr":{"title":true,"content":true,"excerpt":false},"gb":{"title":true,"content":true,"excerpt":false}}},"yoast_head":"<!-- This site is optimized with the Yoast SEO plugin v27.5 - https:\/\/yoast.com\/product\/yoast-seo-wordpress\/ -->\n<title>TIGRAN HAMASYAN &quot;Manifeste&quot; - Festival \u00c9clats d&#039;\u00c9mail Jazz \u00c9dition<\/title>\n<meta name=\"robots\" content=\"index, follow, max-snippet:-1, max-image-preview:large, max-video-preview:-1\" \/>\n<link rel=\"canonical\" href=\"https:\/\/www.eclatsdemail.com\/agenda-2025\/tigran-hamasyan-quartet\/\" \/>\n<meta property=\"og:locale\" content=\"en_GB\" \/>\n<meta property=\"og:type\" content=\"article\" \/>\n<meta property=\"og:title\" content=\"TIGRAN HAMASYAN &quot;Manifeste&quot; - Festival \u00c9clats d&#039;\u00c9mail Jazz \u00c9dition\" \/>\n<meta property=\"og:url\" content=\"https:\/\/www.eclatsdemail.com\/agenda-2025\/tigran-hamasyan-quartet\/\" \/>\n<meta property=\"og:site_name\" content=\"Festival \u00c9clats d&#039;\u00c9mail Jazz \u00c9dition\" \/>\n<meta property=\"article:publisher\" content=\"https:\/\/www.facebook.com\/jazzeclatsdemail\" \/>\n<meta property=\"article:modified_time\" content=\"2025-11-18T15:35:54+00:00\" \/>\n<meta property=\"og:image\" content=\"https:\/\/www.eclatsdemail.com\/wp-content\/uploads\/2025\/08\/TIGRAN-HAMASYAN-QUARTET-\u00a9Arnos-Martirosyan.png\" \/>\n\t<meta property=\"og:image:width\" content=\"1080\" \/>\n\t<meta property=\"og:image:height\" content=\"1080\" \/>\n\t<meta property=\"og:image:type\" content=\"image\/png\" \/>\n<meta name=\"twitter:card\" content=\"summary_large_image\" \/>\n<meta name=\"twitter:site\" content=\"@eclatsemailjazz\" \/>\n<meta name=\"twitter:label1\" content=\"Est. reading time\" \/>\n\t<meta name=\"twitter:data1\" content=\"4 minutes\" \/>\n<script type=\"application\/ld+json\" class=\"yoast-schema-graph\">{\"@context\":\"https:\\\/\\\/schema.org\",\"@graph\":[{\"@type\":\"WebPage\",\"@id\":\"https:\\\/\\\/www.eclatsdemail.com\\\/agenda-2025\\\/tigran-hamasyan-quartet\\\/\",\"url\":\"https:\\\/\\\/www.eclatsdemail.com\\\/agenda-2025\\\/tigran-hamasyan-quartet\\\/\",\"name\":\"TIGRAN HAMASYAN \\\"Manifeste\\\" - Festival \u00c9clats d&#039;\u00c9mail Jazz \u00c9dition\",\"isPartOf\":{\"@id\":\"https:\\\/\\\/www.eclatsdemail.com\\\/#website\"},\"primaryImageOfPage\":{\"@id\":\"https:\\\/\\\/www.eclatsdemail.com\\\/agenda-2025\\\/tigran-hamasyan-quartet\\\/#primaryimage\"},\"image\":{\"@id\":\"https:\\\/\\\/www.eclatsdemail.com\\\/agenda-2025\\\/tigran-hamasyan-quartet\\\/#primaryimage\"},\"thumbnailUrl\":\"https:\\\/\\\/www.eclatsdemail.com\\\/wp-content\\\/uploads\\\/2025\\\/08\\\/TIGRAN-HAMASYAN-QUARTET-\u00a9Arnos-Martirosyan.png\",\"datePublished\":\"2025-05-12T14:02:32+00:00\",\"dateModified\":\"2025-11-18T15:35:54+00:00\",\"breadcrumb\":{\"@id\":\"https:\\\/\\\/www.eclatsdemail.com\\\/agenda-2025\\\/tigran-hamasyan-quartet\\\/#breadcrumb\"},\"inLanguage\":\"en-GB\",\"potentialAction\":[{\"@type\":\"ReadAction\",\"target\":[\"https:\\\/\\\/www.eclatsdemail.com\\\/agenda-2025\\\/tigran-hamasyan-quartet\\\/\"]}]},{\"@type\":\"ImageObject\",\"inLanguage\":\"en-GB\",\"@id\":\"https:\\\/\\\/www.eclatsdemail.com\\\/agenda-2025\\\/tigran-hamasyan-quartet\\\/#primaryimage\",\"url\":\"https:\\\/\\\/www.eclatsdemail.com\\\/wp-content\\\/uploads\\\/2025\\\/08\\\/TIGRAN-HAMASYAN-QUARTET-\u00a9Arnos-Martirosyan.png\",\"contentUrl\":\"https:\\\/\\\/www.eclatsdemail.com\\\/wp-content\\\/uploads\\\/2025\\\/08\\\/TIGRAN-HAMASYAN-QUARTET-\u00a9Arnos-Martirosyan.png\",\"width\":1080,\"height\":1080},{\"@type\":\"BreadcrumbList\",\"@id\":\"https:\\\/\\\/www.eclatsdemail.com\\\/agenda-2025\\\/tigran-hamasyan-quartet\\\/#breadcrumb\",\"itemListElement\":[{\"@type\":\"ListItem\",\"position\":1,\"name\":\"Accueil\",\"item\":\"https:\\\/\\\/www.eclatsdemail.com\\\/\"},{\"@type\":\"ListItem\",\"position\":2,\"name\":\"L&rsquo;agenda 2025\",\"item\":\"https:\\\/\\\/www.eclatsdemail.com\\\/agenda-2025\\\/\"},{\"@type\":\"ListItem\",\"position\":3,\"name\":\"TIGRAN HAMASYAN \u00ab MANIFESTE \u00bb\"}]},{\"@type\":\"WebSite\",\"@id\":\"https:\\\/\\\/www.eclatsdemail.com\\\/#website\",\"url\":\"https:\\\/\\\/www.eclatsdemail.com\\\/\",\"name\":\"Festival \u00c9clats d&#039;\u00c9mail Jazz \u00c9dition\",\"description\":\"2024\",\"publisher\":{\"@id\":\"https:\\\/\\\/www.eclatsdemail.com\\\/#organization\"},\"potentialAction\":[{\"@type\":\"SearchAction\",\"target\":{\"@type\":\"EntryPoint\",\"urlTemplate\":\"https:\\\/\\\/www.eclatsdemail.com\\\/?s={search_term_string}\"},\"query-input\":{\"@type\":\"PropertyValueSpecification\",\"valueRequired\":true,\"valueName\":\"search_term_string\"}}],\"inLanguage\":\"en-GB\"},{\"@type\":\"Organization\",\"@id\":\"https:\\\/\\\/www.eclatsdemail.com\\\/#organization\",\"name\":\"Festival \u00c9clats d'\u00c9mail Jazz \u00c9dition\",\"url\":\"https:\\\/\\\/www.eclatsdemail.com\\\/\",\"logo\":{\"@type\":\"ImageObject\",\"inLanguage\":\"en-GB\",\"@id\":\"https:\\\/\\\/www.eclatsdemail.com\\\/#\\\/schema\\\/logo\\\/image\\\/\",\"url\":\"https:\\\/\\\/www.eclatsdemail.com\\\/wp-content\\\/uploads\\\/2022\\\/05\\\/cropped-logo2022.png\",\"contentUrl\":\"https:\\\/\\\/www.eclatsdemail.com\\\/wp-content\\\/uploads\\\/2022\\\/05\\\/cropped-logo2022.png\",\"width\":616,\"height\":100,\"caption\":\"Festival \u00c9clats d'\u00c9mail Jazz \u00c9dition\"},\"image\":{\"@id\":\"https:\\\/\\\/www.eclatsdemail.com\\\/#\\\/schema\\\/logo\\\/image\\\/\"},\"sameAs\":[\"https:\\\/\\\/www.facebook.com\\\/jazzeclatsdemail\",\"https:\\\/\\\/x.com\\\/eclatsemailjazz\",\"https:\\\/\\\/www.instagram.com\\\/Festival_Eclats_d_Email_JAZZ\\\/\"]}]}<\/script>\n<!-- \/ Yoast SEO plugin. -->","yoast_head_json":{"title":"TIGRAN HAMASYAN \"Manifeste\" - Festival \u00c9clats d&#039;\u00c9mail Jazz \u00c9dition","robots":{"index":"index","follow":"follow","max-snippet":"max-snippet:-1","max-image-preview":"max-image-preview:large","max-video-preview":"max-video-preview:-1"},"canonical":"https:\/\/www.eclatsdemail.com\/agenda-2025\/tigran-hamasyan-quartet\/","og_locale":"en_GB","og_type":"article","og_title":"TIGRAN HAMASYAN \"Manifeste\" - Festival \u00c9clats d&#039;\u00c9mail Jazz \u00c9dition","og_url":"https:\/\/www.eclatsdemail.com\/agenda-2025\/tigran-hamasyan-quartet\/","og_site_name":"Festival \u00c9clats d&#039;\u00c9mail Jazz \u00c9dition","article_publisher":"https:\/\/www.facebook.com\/jazzeclatsdemail","article_modified_time":"2025-11-18T15:35:54+00:00","og_image":[{"width":1080,"height":1080,"url":"https:\/\/www.eclatsdemail.com\/wp-content\/uploads\/2025\/08\/TIGRAN-HAMASYAN-QUARTET-\u00a9Arnos-Martirosyan.png","type":"image\/png"}],"twitter_card":"summary_large_image","twitter_site":"@eclatsemailjazz","twitter_misc":{"Est. reading time":"4 minutes"},"schema":{"@context":"https:\/\/schema.org","@graph":[{"@type":"WebPage","@id":"https:\/\/www.eclatsdemail.com\/agenda-2025\/tigran-hamasyan-quartet\/","url":"https:\/\/www.eclatsdemail.com\/agenda-2025\/tigran-hamasyan-quartet\/","name":"TIGRAN HAMASYAN \"Manifeste\" - Festival \u00c9clats d&#039;\u00c9mail Jazz \u00c9dition","isPartOf":{"@id":"https:\/\/www.eclatsdemail.com\/#website"},"primaryImageOfPage":{"@id":"https:\/\/www.eclatsdemail.com\/agenda-2025\/tigran-hamasyan-quartet\/#primaryimage"},"image":{"@id":"https:\/\/www.eclatsdemail.com\/agenda-2025\/tigran-hamasyan-quartet\/#primaryimage"},"thumbnailUrl":"https:\/\/www.eclatsdemail.com\/wp-content\/uploads\/2025\/08\/TIGRAN-HAMASYAN-QUARTET-\u00a9Arnos-Martirosyan.png","datePublished":"2025-05-12T14:02:32+00:00","dateModified":"2025-11-18T15:35:54+00:00","breadcrumb":{"@id":"https:\/\/www.eclatsdemail.com\/agenda-2025\/tigran-hamasyan-quartet\/#breadcrumb"},"inLanguage":"en-GB","potentialAction":[{"@type":"ReadAction","target":["https:\/\/www.eclatsdemail.com\/agenda-2025\/tigran-hamasyan-quartet\/"]}]},{"@type":"ImageObject","inLanguage":"en-GB","@id":"https:\/\/www.eclatsdemail.com\/agenda-2025\/tigran-hamasyan-quartet\/#primaryimage","url":"https:\/\/www.eclatsdemail.com\/wp-content\/uploads\/2025\/08\/TIGRAN-HAMASYAN-QUARTET-\u00a9Arnos-Martirosyan.png","contentUrl":"https:\/\/www.eclatsdemail.com\/wp-content\/uploads\/2025\/08\/TIGRAN-HAMASYAN-QUARTET-\u00a9Arnos-Martirosyan.png","width":1080,"height":1080},{"@type":"BreadcrumbList","@id":"https:\/\/www.eclatsdemail.com\/agenda-2025\/tigran-hamasyan-quartet\/#breadcrumb","itemListElement":[{"@type":"ListItem","position":1,"name":"Accueil","item":"https:\/\/www.eclatsdemail.com\/"},{"@type":"ListItem","position":2,"name":"L&rsquo;agenda 2025","item":"https:\/\/www.eclatsdemail.com\/agenda-2025\/"},{"@type":"ListItem","position":3,"name":"TIGRAN HAMASYAN \u00ab MANIFESTE \u00bb"}]},{"@type":"WebSite","@id":"https:\/\/www.eclatsdemail.com\/#website","url":"https:\/\/www.eclatsdemail.com\/","name":"Festival \u00c9clats d&#039;\u00c9mail Jazz \u00c9dition","description":"2024","publisher":{"@id":"https:\/\/www.eclatsdemail.com\/#organization"},"potentialAction":[{"@type":"SearchAction","target":{"@type":"EntryPoint","urlTemplate":"https:\/\/www.eclatsdemail.com\/?s={search_term_string}"},"query-input":{"@type":"PropertyValueSpecification","valueRequired":true,"valueName":"search_term_string"}}],"inLanguage":"en-GB"},{"@type":"Organization","@id":"https:\/\/www.eclatsdemail.com\/#organization","name":"Festival \u00c9clats d'\u00c9mail Jazz \u00c9dition","url":"https:\/\/www.eclatsdemail.com\/","logo":{"@type":"ImageObject","inLanguage":"en-GB","@id":"https:\/\/www.eclatsdemail.com\/#\/schema\/logo\/image\/","url":"https:\/\/www.eclatsdemail.com\/wp-content\/uploads\/2022\/05\/cropped-logo2022.png","contentUrl":"https:\/\/www.eclatsdemail.com\/wp-content\/uploads\/2022\/05\/cropped-logo2022.png","width":616,"height":100,"caption":"Festival \u00c9clats d'\u00c9mail Jazz \u00c9dition"},"image":{"@id":"https:\/\/www.eclatsdemail.com\/#\/schema\/logo\/image\/"},"sameAs":["https:\/\/www.facebook.com\/jazzeclatsdemail","https:\/\/x.com\/eclatsemailjazz","https:\/\/www.instagram.com\/Festival_Eclats_d_Email_JAZZ\/"]}]}},"_links":{"self":[{"href":"https:\/\/www.eclatsdemail.com\/gb\/wp-json\/wp\/v2\/pages\/11857","targetHints":{"allow":["GET"]}}],"collection":[{"href":"https:\/\/www.eclatsdemail.com\/gb\/wp-json\/wp\/v2\/pages"}],"about":[{"href":"https:\/\/www.eclatsdemail.com\/gb\/wp-json\/wp\/v2\/types\/page"}],"author":[{"embeddable":true,"href":"https:\/\/www.eclatsdemail.com\/gb\/wp-json\/wp\/v2\/users\/1"}],"replies":[{"embeddable":true,"href":"https:\/\/www.eclatsdemail.com\/gb\/wp-json\/wp\/v2\/comments?post=11857"}],"version-history":[{"count":24,"href":"https:\/\/www.eclatsdemail.com\/gb\/wp-json\/wp\/v2\/pages\/11857\/revisions"}],"predecessor-version":[{"id":12513,"href":"https:\/\/www.eclatsdemail.com\/gb\/wp-json\/wp\/v2\/pages\/11857\/revisions\/12513"}],"up":[{"embeddable":true,"href":"https:\/\/www.eclatsdemail.com\/gb\/wp-json\/wp\/v2\/pages\/11769"}],"wp:featuredmedia":[{"embeddable":true,"href":"https:\/\/www.eclatsdemail.com\/gb\/wp-json\/wp\/v2\/media\/12290"}],"wp:attachment":[{"href":"https:\/\/www.eclatsdemail.com\/gb\/wp-json\/wp\/v2\/media?parent=11857"}],"curies":[{"name":"wp","href":"https:\/\/api.w.org\/{rel}","templated":true}]}}