{"id":113,"date":"2022-05-25T16:50:27","date_gmt":"2022-05-25T14:50:27","guid":{"rendered":"http:\/\/s370308257.onlinehome.fr\/FEEV2\/?page_id=113"},"modified":"2025-11-13T20:04:47","modified_gmt":"2025-11-13T19:04:47","slug":"billetterie","status":"publish","type":"page","link":"https:\/\/www.eclatsdemail.com\/gb\/billetterie\/","title":{"rendered":"Ticketing"},"content":{"rendered":"<div class=\"wpb-content-wrapper\"><p>[vc_row css=&#8221;.vc_custom_1523262795943{margin-top: 30px !important;}&#8221;][vc_column width=&#8221;1\/2&#8243;][vc_column_text css=&#8221;.vc_custom_1715763192378{padding-top: 10px !important;padding-right: 10px !important;padding-bottom: 10px !important;padding-left: 10px !important;background-color: #ffff00 !important;}&#8221;]<\/p>\n<h3>FREE PLACEMENT FOR ALL CONCERTS OF THE ECLATS D&#8217;EMAIL JAZZ FESTIVAL EDITION 2024<\/h3>\n<p>[\/vc_column_text][vc_column_text css=&#8221;.vc_custom_1655132950557{padding-top: 10px !important;padding-right: 10px !important;padding-bottom: 10px !important;padding-left: 10px !important;background-color: #ffff00 !important;}&#8221;]<\/p>\n<h3>PRICING<\/h3>\n<p>[\/vc_column_text][vc_column_text css_animation=&#8221;none&#8221; css=&#8221;&#8221;]Each show is related to a price list, the season tickets are to be found from the concert halls.<\/p>\n<p><strong>Concerts at the Grand Th\u00e9\u00e2tre of Limoges :<\/strong><br \/>\nFULL PRICE : 30 \u20ac (excluding Weezevent commission) &#8211; REDUCED PRICE : For more information, please contact the Grand Th\u00e9\u00e2tre of Limoges : 05 55 45 95 95 \/ billetterie@operalimoges.fr<\/p>\n<p><strong>Concerts at the Maison des Arts et de la Danse &#8211; Jean Moulin :<\/strong><br \/>\nFULL PRICE : 30 \u20ac (excluding Weezevent commission) &#8211; REDUCED PRICE : For more information, please contact the Maison des Arts et de la Danse &#8211; Jean Moulin : 05 55 45 94 70 \/ <strong><a href=\"mailto:mad.contact@operalimoges.fr\">mad.contact@operalimoges.fr<\/a><\/strong> or the Grand Th\u00e9\u00e2tre of Limoges : 05 55 45 95 95 \/ billetterie@operalimoges.fr<\/p>\n<p><strong>Concerts at the Centre Culturel Municipal Jean Gagnant :<\/strong><br \/>\nFULL PRICE : 25 \u20ac (excluding Weezevent commission) &#8211; REDUCED PRICE : 20 \u20ac<\/p>\n<p><strong>Concerts at the Espace Noriac :<\/strong><br \/>\nFULL PRICE : 30 \u20ac (excluding Weezevent commission) &#8211; REDUCED PRICE : 25 \u20ac<\/p>\n<p><strong>Concerts at B\u00e2timent 25 :<\/strong><br \/>\nFULL PRICE : 25 \u20ac (excluding Weezevent commission) &#8211; REDUCED PRICE : 20 \u20ac<\/p>\n<p><strong>Concerts at CDN Th\u00e9\u00e2tre de l&#8217;Union :<\/strong><br \/>\nFULL PRICE : 24 \u20ac (excluding Weezevent commission) &#8211; REDUCED PRICE : For more information, please contact the CDN Th\u00e9\u00e2tre de l&#8217;Union (05 55 79 90 00 ou billetterie@theatre-union.fr)[\/vc_column_text][vc_column_text css=&#8221;.vc_custom_1655132978750{padding-top: 10px !important;padding-right: 10px !important;padding-bottom: 10px !important;padding-left: 10px !important;background-color: #ffff00 !important;}&#8221;]<\/p>\n<h3>BOOKINGS<\/h3>\n<p>[\/vc_column_text][vc_column_text css=&#8221;&#8221;]<\/p>\n<p data-start=\"76\" data-end=\"238\">In addition to the option of purchasing your tickets online, you can also buy them at the box offices of the concert venues, as soon as they open to the public.<\/p>\n<p data-start=\"240\" data-end=\"555\">\u2022 For concerts at the Grand Th\u00e9\u00e2tre de Limoges (Grand Th\u00e9\u00e2tre and Maison des Arts et de la Danse) as well as at the CDN Th\u00e9\u00e2tre de l\u2019Union, tickets can be collected or reserved respectively at the box office of the Op\u00e9ra de Limoges (Grand Th\u00e9\u00e2tre or Maison des Arts et de la Danse) and the CDN Th\u00e9\u00e2tre de l\u2019Union.<\/p>\n<p data-start=\"557\" data-end=\"850\" data-is-last-node=\"\" data-is-only-node=\"\">\u2022 For concerts at the Centre Culturel Municipal Jean Gagnant, Espace Noriac and B\u00e2timent 25, tickets can be reserved on the website <a class=\"decorated-link\" href=\"http:\/\/www.eclatsdemail.com\" target=\"_new\" rel=\"noopener\" data-start=\"689\" data-end=\"709\">www.eclatsdemail.com<\/a>, by phone at 05 55 77 98 46, or by email at <a class=\"decorated-link cursor-pointer\" rel=\"noopener\" data-start=\"754\" data-end=\"778\">contact@eclatsdemail.com<\/a>. On-site ticketing is also available (credit card, checks, and cash).<\/p>\n<p>[\/vc_column_text][vc_column_text css=&#8221;.vc_custom_1655133002241{padding-top: 10px !important;padding-right: 10px !important;padding-bottom: 10px !important;padding-left: 10px !important;background-color: #ffff00 !important;}&#8221;]<\/p>\n<h3>FESTIVAL PASS<\/h3>\n<p>[\/vc_column_text][vc_column_text css=&#8221;&#8221;]<strong>Enjoy an even more interesting rate by choosing one of our PASS : 4 concerts : 100 \u20ac \/ 6 concerts : 140 \u20ac \/ 8 concerts: 180 \u20ac (excluding Weezevent commission)<\/strong>[\/vc_column_text][vc_column_text css=&#8221;&#8221;]Select your PASS; once you have paid for it, you will receive an access code by e-mail.<br \/>\nGo to the ticketing platform and the concert of your choice, indicate the number of \u201ctickets via the PASS\u201d. On the next screen, print the code you have received along with your particulars (first name, last name, e-mail address).[\/vc_column_text][\/vc_column][vc_column width=&#8221;1\/2&#8243;][vc_column_text css=&#8221;.vc_custom_1655132962898{padding-top: 10px !important;padding-right: 10px !important;padding-bottom: 10px !important;padding-left: 10px !important;background-color: #ffff00 !important;}&#8221;]<\/p>\n<h3>BUY YOUR TICKETS ONLINE<\/h3>\n<p>[\/vc_column_text][vc_raw_html css=&#8221;.vc_custom_1747127602254{margin-top: 0px !important;}&#8221;]JTNDYSUyMHRpdGxlJTNEJTIyTG9naWNpZWwlMjBiaWxsZXR0ZXJpZSUyMGVuJTIwbGlnbmUlMjIlMjBocmVmJTNEJTIyaHR0cHMlM0ElMkYlMkZ3d3cud2VlemV2ZW50LmNvbSUyRndpZGdldF9tdWx0aS5waHAlM0YxMDc1ODUuMTIuMS5ibyUyMiUyMGNsYXNzJTNEJTIyd2VlemV2ZW50LXdpZGdldC1pbnRlZ3JhdGlvbiUyMiUyMHRhcmdldCUzRCUyMl9ibGFuayUyMiUyMGRhdGEtc3JjJTNEJTIyaHR0cHMlM0ElMkYlMkZ3d3cud2VlemV2ZW50LmNvbSUyRndpZGdldF9tdWx0aS5waHAlM0YxMDc1ODUuMTIuMS5ibyUyMiUyMGRhdGEtd2lkdGglM0QlMjIxMDAlMjUlMjIlMjBkYXRhLWhlaWdodCUzRCUyMjEwMCUyNSUyMiUyMGRhdGEtaWQlM0QlMjJtdWx0aSUyMiUyMGRhdGEtcmVzaXplJTNEJTIyMSUyMiUyMGRhdGEtbnBiJTNEJTIyMCUyMiUyMGRhdGEtd2lkdGhfYXV0byUzRCUyMjElMjIlM0VCaWxsZXR0ZXJpZSUyMFdlZXpldmVudCUzQyUyRmElM0UlM0NzY3JpcHQlMjB0eXBlJTNEJTIydGV4dCUyRmphdmFzY3JpcHQlMjIlMjBzcmMlM0QlMjJodHRwcyUzQSUyRiUyRnd3dy53ZWV6ZXZlbnQuY29tJTJGanMlMkZ3aWRnZXQlMkZtaW4lMkZ3aWRnZXQubWluLmpzJTIyJTNFJTNDJTJGc2NyaXB0JTNFJTIwJTBB[\/vc_raw_html][\/vc_column][\/vc_row]<\/p>\n<\/div>","protected":false},"excerpt":{"rendered":"<p>[vc_row css=&#8221;.vc_custom_1523262795943{margin-top: 30px !important;}&#8221;][vc_column width=&#8221;1\/2&#8243;][vc_column_text css=&#8221;.vc_custom_1715763192378{padding-top: 10px !important;padding-right: 10px !important;padding-bottom: 10px !important;padding-left: 10px !important;background-color: #ffff00 !important;}&#8221;] FREE PLACEMENT FOR ALL CONCERTS OF THE ECLATS D&#8217;EMAIL JAZZ FESTIVAL EDITION 2024 [\/vc_column_text][vc_column_text &#8230;<\/p>\n","protected":false},"author":1,"featured_media":0,"parent":0,"menu_order":4,"comment_status":"closed","ping_status":"closed","template":"","meta":{"footnotes":""},"class_list":["post-113","page","type-page","status-publish","hentry"],"translation":{"provider":"WPGlobus","version":"3.0.2","language":"gb","enabled_languages":["fr","gb"],"languages":{"fr":{"title":true,"content":true,"excerpt":false},"gb":{"title":true,"content":true,"excerpt":false}}},"yoast_head":"<!-- This site is optimized with the Yoast SEO plugin v27.4 - https:\/\/yoast.com\/product\/yoast-seo-wordpress\/ -->\n<title>Ticketing - Festival \u00c9clats d&#039;\u00c9mail Jazz \u00c9dition<\/title>\n<meta name=\"robots\" content=\"index, follow, max-snippet:-1, max-image-preview:large, max-video-preview:-1\" \/>\n<link rel=\"canonical\" href=\"https:\/\/www.eclatsdemail.com\/billetterie\/\" \/>\n<meta property=\"og:locale\" content=\"en_GB\" \/>\n<meta property=\"og:type\" content=\"article\" \/>\n<meta property=\"og:title\" content=\"Ticketing - Festival \u00c9clats d&#039;\u00c9mail Jazz \u00c9dition\" \/>\n<meta property=\"og:url\" content=\"https:\/\/www.eclatsdemail.com\/billetterie\/\" \/>\n<meta property=\"og:site_name\" content=\"Festival \u00c9clats d&#039;\u00c9mail Jazz \u00c9dition\" \/>\n<meta property=\"article:publisher\" content=\"https:\/\/www.facebook.com\/jazzeclatsdemail\" \/>\n<meta property=\"article:modified_time\" content=\"2025-11-13T19:04:47+00:00\" \/>\n<meta name=\"twitter:card\" content=\"summary_large_image\" \/>\n<meta name=\"twitter:site\" content=\"@eclatsemailjazz\" \/>\n<meta name=\"twitter:label1\" content=\"Est. reading time\" \/>\n\t<meta name=\"twitter:data1\" content=\"3 minutes\" \/>\n<script type=\"application\/ld+json\" class=\"yoast-schema-graph\">{\"@context\":\"https:\\\/\\\/schema.org\",\"@graph\":[{\"@type\":\"WebPage\",\"@id\":\"https:\\\/\\\/www.eclatsdemail.com\\\/billetterie\\\/\",\"url\":\"https:\\\/\\\/www.eclatsdemail.com\\\/billetterie\\\/\",\"name\":\"Ticketing - Festival \u00c9clats d&#039;\u00c9mail Jazz \u00c9dition\",\"isPartOf\":{\"@id\":\"https:\\\/\\\/www.eclatsdemail.com\\\/#website\"},\"datePublished\":\"2022-05-25T14:50:27+00:00\",\"dateModified\":\"2025-11-13T19:04:47+00:00\",\"breadcrumb\":{\"@id\":\"https:\\\/\\\/www.eclatsdemail.com\\\/billetterie\\\/#breadcrumb\"},\"inLanguage\":\"en-GB\",\"potentialAction\":[{\"@type\":\"ReadAction\",\"target\":[\"https:\\\/\\\/www.eclatsdemail.com\\\/billetterie\\\/\"]}]},{\"@type\":\"BreadcrumbList\",\"@id\":\"https:\\\/\\\/www.eclatsdemail.com\\\/billetterie\\\/#breadcrumb\",\"itemListElement\":[{\"@type\":\"ListItem\",\"position\":1,\"name\":\"Accueil\",\"item\":\"https:\\\/\\\/www.eclatsdemail.com\\\/\"},{\"@type\":\"ListItem\",\"position\":2,\"name\":\"Billetterie\"}]},{\"@type\":\"WebSite\",\"@id\":\"https:\\\/\\\/www.eclatsdemail.com\\\/#website\",\"url\":\"https:\\\/\\\/www.eclatsdemail.com\\\/\",\"name\":\"Festival \u00c9clats d&#039;\u00c9mail Jazz \u00c9dition\",\"description\":\"2024\",\"publisher\":{\"@id\":\"https:\\\/\\\/www.eclatsdemail.com\\\/#organization\"},\"potentialAction\":[{\"@type\":\"SearchAction\",\"target\":{\"@type\":\"EntryPoint\",\"urlTemplate\":\"https:\\\/\\\/www.eclatsdemail.com\\\/?s={search_term_string}\"},\"query-input\":{\"@type\":\"PropertyValueSpecification\",\"valueRequired\":true,\"valueName\":\"search_term_string\"}}],\"inLanguage\":\"en-GB\"},{\"@type\":\"Organization\",\"@id\":\"https:\\\/\\\/www.eclatsdemail.com\\\/#organization\",\"name\":\"Festival \u00c9clats d'\u00c9mail Jazz \u00c9dition\",\"url\":\"https:\\\/\\\/www.eclatsdemail.com\\\/\",\"logo\":{\"@type\":\"ImageObject\",\"inLanguage\":\"en-GB\",\"@id\":\"https:\\\/\\\/www.eclatsdemail.com\\\/#\\\/schema\\\/logo\\\/image\\\/\",\"url\":\"https:\\\/\\\/www.eclatsdemail.com\\\/wp-content\\\/uploads\\\/2022\\\/05\\\/cropped-logo2022.png\",\"contentUrl\":\"https:\\\/\\\/www.eclatsdemail.com\\\/wp-content\\\/uploads\\\/2022\\\/05\\\/cropped-logo2022.png\",\"width\":616,\"height\":100,\"caption\":\"Festival \u00c9clats d'\u00c9mail Jazz \u00c9dition\"},\"image\":{\"@id\":\"https:\\\/\\\/www.eclatsdemail.com\\\/#\\\/schema\\\/logo\\\/image\\\/\"},\"sameAs\":[\"https:\\\/\\\/www.facebook.com\\\/jazzeclatsdemail\",\"https:\\\/\\\/x.com\\\/eclatsemailjazz\",\"https:\\\/\\\/www.instagram.com\\\/Festival_Eclats_d_Email_JAZZ\\\/\"]}]}<\/script>\n<!-- \/ Yoast SEO plugin. -->","yoast_head_json":{"title":"Ticketing - Festival \u00c9clats d&#039;\u00c9mail Jazz \u00c9dition","robots":{"index":"index","follow":"follow","max-snippet":"max-snippet:-1","max-image-preview":"max-image-preview:large","max-video-preview":"max-video-preview:-1"},"canonical":"https:\/\/www.eclatsdemail.com\/billetterie\/","og_locale":"en_GB","og_type":"article","og_title":"Ticketing - Festival \u00c9clats d&#039;\u00c9mail Jazz \u00c9dition","og_url":"https:\/\/www.eclatsdemail.com\/billetterie\/","og_site_name":"Festival \u00c9clats d&#039;\u00c9mail Jazz \u00c9dition","article_publisher":"https:\/\/www.facebook.com\/jazzeclatsdemail","article_modified_time":"2025-11-13T19:04:47+00:00","twitter_card":"summary_large_image","twitter_site":"@eclatsemailjazz","twitter_misc":{"Est. reading time":"3 minutes"},"schema":{"@context":"https:\/\/schema.org","@graph":[{"@type":"WebPage","@id":"https:\/\/www.eclatsdemail.com\/billetterie\/","url":"https:\/\/www.eclatsdemail.com\/billetterie\/","name":"Ticketing - Festival \u00c9clats d&#039;\u00c9mail Jazz \u00c9dition","isPartOf":{"@id":"https:\/\/www.eclatsdemail.com\/#website"},"datePublished":"2022-05-25T14:50:27+00:00","dateModified":"2025-11-13T19:04:47+00:00","breadcrumb":{"@id":"https:\/\/www.eclatsdemail.com\/billetterie\/#breadcrumb"},"inLanguage":"en-GB","potentialAction":[{"@type":"ReadAction","target":["https:\/\/www.eclatsdemail.com\/billetterie\/"]}]},{"@type":"BreadcrumbList","@id":"https:\/\/www.eclatsdemail.com\/billetterie\/#breadcrumb","itemListElement":[{"@type":"ListItem","position":1,"name":"Accueil","item":"https:\/\/www.eclatsdemail.com\/"},{"@type":"ListItem","position":2,"name":"Billetterie"}]},{"@type":"WebSite","@id":"https:\/\/www.eclatsdemail.com\/#website","url":"https:\/\/www.eclatsdemail.com\/","name":"Festival \u00c9clats d&#039;\u00c9mail Jazz \u00c9dition","description":"2024","publisher":{"@id":"https:\/\/www.eclatsdemail.com\/#organization"},"potentialAction":[{"@type":"SearchAction","target":{"@type":"EntryPoint","urlTemplate":"https:\/\/www.eclatsdemail.com\/?s={search_term_string}"},"query-input":{"@type":"PropertyValueSpecification","valueRequired":true,"valueName":"search_term_string"}}],"inLanguage":"en-GB"},{"@type":"Organization","@id":"https:\/\/www.eclatsdemail.com\/#organization","name":"Festival \u00c9clats d'\u00c9mail Jazz \u00c9dition","url":"https:\/\/www.eclatsdemail.com\/","logo":{"@type":"ImageObject","inLanguage":"en-GB","@id":"https:\/\/www.eclatsdemail.com\/#\/schema\/logo\/image\/","url":"https:\/\/www.eclatsdemail.com\/wp-content\/uploads\/2022\/05\/cropped-logo2022.png","contentUrl":"https:\/\/www.eclatsdemail.com\/wp-content\/uploads\/2022\/05\/cropped-logo2022.png","width":616,"height":100,"caption":"Festival \u00c9clats d'\u00c9mail Jazz \u00c9dition"},"image":{"@id":"https:\/\/www.eclatsdemail.com\/#\/schema\/logo\/image\/"},"sameAs":["https:\/\/www.facebook.com\/jazzeclatsdemail","https:\/\/x.com\/eclatsemailjazz","https:\/\/www.instagram.com\/Festival_Eclats_d_Email_JAZZ\/"]}]}},"_links":{"self":[{"href":"https:\/\/www.eclatsdemail.com\/gb\/wp-json\/wp\/v2\/pages\/113","targetHints":{"allow":["GET"]}}],"collection":[{"href":"https:\/\/www.eclatsdemail.com\/gb\/wp-json\/wp\/v2\/pages"}],"about":[{"href":"https:\/\/www.eclatsdemail.com\/gb\/wp-json\/wp\/v2\/types\/page"}],"author":[{"embeddable":true,"href":"https:\/\/www.eclatsdemail.com\/gb\/wp-json\/wp\/v2\/users\/1"}],"replies":[{"embeddable":true,"href":"https:\/\/www.eclatsdemail.com\/gb\/wp-json\/wp\/v2\/comments?post=113"}],"version-history":[{"count":93,"href":"https:\/\/www.eclatsdemail.com\/gb\/wp-json\/wp\/v2\/pages\/113\/revisions"}],"predecessor-version":[{"id":12482,"href":"https:\/\/www.eclatsdemail.com\/gb\/wp-json\/wp\/v2\/pages\/113\/revisions\/12482"}],"wp:attachment":[{"href":"https:\/\/www.eclatsdemail.com\/gb\/wp-json\/wp\/v2\/media?parent=113"}],"curies":[{"name":"wp","href":"https:\/\/api.w.org\/{rel}","templated":true}]}}