{"id":11075,"date":"2024-04-30T18:01:55","date_gmt":"2024-04-30T16:01:55","guid":{"rendered":"https:\/\/www.eclatsdemail.com\/?page_id=11075"},"modified":"2025-09-08T12:59:11","modified_gmt":"2025-09-08T10:59:11","slug":"conferences-documentaires-films","status":"publish","type":"page","link":"https:\/\/www.eclatsdemail.com\/gb\/autour-du-festival\/conferences-documentaires-films\/","title":{"rendered":"Les documentaires et films"},"content":{"rendered":"<div class=\"wpb-content-wrapper\"><p>[vc_row][vc_column][vc_empty_space][\/vc_column][\/vc_row][vc_row][vc_column width=&#8221;1\/4&#8243;][vc_single_image image=&#8221;12005&#8243; img_size=&#8221;large&#8221; alignment=&#8221;center&#8221; onclick=&#8221;custom_link&#8221; css=&#8221;.vc_custom_1747143501294{margin-bottom: 0px !important;padding-bottom: 0px !important;}&#8221;][vc_column_text css=&#8221;.vc_custom_1747143520320{margin-bottom: 10px !important;padding-top: 10px !important;padding-right: 10px !important;padding-bottom: 10px !important;padding-left: 10px !important;background-color: #ffff00 !important;}&#8221;]<\/p>\n<h3 class=\"artiste\">DIFFUSION DU FILM &#8220;AMAZING GRACE&#8221;<\/h3>\n<p>[\/vc_column_text][vc_column_text css=&#8221;&#8221;]<\/p>\n<h3 class=\"date-concert\">WENESDAY NOVEMBER 19 &#8211; 3:00 PM<br \/>\nBFM DE L&#8217;AURENCE<\/h3>\n<p>[\/vc_column_text][\/vc_column][vc_column width=&#8221;1\/4&#8243;][vc_single_image image=&#8221;12153&#8243; img_size=&#8221;large&#8221; alignment=&#8221;center&#8221; onclick=&#8221;custom_link&#8221; css=&#8221;.vc_custom_1750161501292{margin-bottom: 0px !important;padding-bottom: 0px !important;}&#8221;][vc_column_text css=&#8221;.vc_custom_1750161545959{margin-bottom: 10px !important;padding-top: 10px !important;padding-right: 10px !important;padding-bottom: 10px !important;padding-left: 10px !important;background-color: #ffff00 !important;}&#8221;]<\/p>\n<h3 class=\"artiste\">DIFFUSION DU FILM &#8220;MALOYA, L&#8217;ESPRIT DES FEMMES&#8221;<\/h3>\n<p>[\/vc_column_text][vc_column_text css=&#8221;&#8221;]<\/p>\n<h3 class=\"date-concert\">SATURDAY NOVEMBER 15 &#8211; 2:00 PM<br \/>\nBFM DE BEAUBREUIL<\/h3>\n<p>[\/vc_column_text][\/vc_column][vc_column width=&#8221;1\/4&#8243;][\/vc_column][vc_column width=&#8221;1\/4&#8243;][\/vc_column][\/vc_row][vc_row][vc_column][vc_empty_space][vc_row_inner][vc_column_inner width=&#8221;1\/3&#8243;][vc_single_image image=&#8221;12005&#8243; img_size=&#8221;large&#8221; css=&#8221;.vc_custom_1750160899604{margin-bottom: 0px !important;padding-bottom: 0px !important;}&#8221;][\/vc_column_inner][vc_column_inner width=&#8221;2\/3&#8243;][vc_column_text css=&#8221;&#8221;]<strong>AMAZING GRACE \u2013 Aretha FRANKLIN &#8211;\u00a0Documentaire d\u2019Allan ELLIOTT &amp; Sydney POLLACK (2018)<\/strong><\/p>\n<p>En janvier 1972, Aretha Franklin enregistre un album live dans une \u00e9glise intimiste du quartier de Watts \u00e0 Los Angeles. Le disque de ce concert mythique, &#8220;Amazing Grace&#8221;, devient l&#8217;album de Gospel le plus vendu de tous les temps, consacrant le succ\u00e8s de la Reine de la Soul. Si ce concert a \u00e9t\u00e9 totalement film\u00e9, les images n&#8217;ont jamais \u00e9t\u00e9 d\u00e9voil\u00e9es&#8230; Jusqu&#8217;\u00e0 aujourd&#8217;hui. D\u00e9couvrez le film d&#8217;un concert exceptionnel et l&#8217;incroyable gr\u00e2ce d&#8217;une Aretha Franklin bouleversante.[\/vc_column_text][\/vc_column_inner][\/vc_row_inner][vc_empty_space][\/vc_column][\/vc_row][vc_row][vc_column][vc_empty_space][vc_row_inner][vc_column_inner width=&#8221;1\/3&#8243;][vc_single_image image=&#8221;12153&#8243; img_size=&#8221;large&#8221; css=&#8221;.vc_custom_1750161522394{margin-bottom: 0px !important;padding-bottom: 0px !important;}&#8221;][vc_empty_space][vc_btn title=&#8221;INSCRIPTION&#8221; style=&#8221;custom&#8221; custom_background=&#8221;#EEEE22&#8243; css=&#8221;&#8221; link=&#8221;url:%20https%3A%2F%2Fbfm.limoges.fr%2Fbfm-pratique%2Fbfm-beaubreuil&#8221;][vc_column_text css=&#8221;&#8221;]<strong>Registration is mandatory via this link (or by phone), as seating in the audiovisual room is limited.<\/strong>[\/vc_column_text][\/vc_column_inner][vc_column_inner width=&#8221;2\/3&#8243;][vc_column_text css=&#8221;&#8221;]<strong>MALOYA, l\u2019esprit des Femmes<\/strong><\/p>\n<p>Et si le Maloya, la musique embl\u00e9matique de La R\u00e9union, se conjuguait au f\u00e9minin ? Au gr\u00e9 de quatre portraits crois\u00e9s, depuis leur \u00eele, les artistes Nathalie Natiemb\u00e9, Christine Salem, Kaloune et Dilo (Eat My Butterfly), quatre h\u00e9ro\u00efnes, quatre femmes charismatiques et libres, font bouger les lignes de la musique et celles de de la soci\u00e9t\u00e9 cr\u00e9ole.<\/p>\n<p>Longtemps, le maloya, musique signature de l\u2019\u00eele, a \u00e9t\u00e9 \u00ab r\u00e9serv\u00e9 \u00bb aux hommes. Depuis une poign\u00e9e d\u2019ann\u00e9es, les femmes trouvent leur place dans ce genre musical, aux contours militants et spirituels.<\/p>\n<p>Parmi elles, Nathalie Natiemb\u00e9, Christine Salem, Kaloune et Dilo \/ Eat my Butterfly, ont su trouver leur place, et leur voix dans le monde gr\u00e2ce \u00e0 cette musique h\u00e9rit\u00e9e de leurs anc\u00eatres.<\/p>\n<p>Des cit\u00e9s de Saint-Denis aux plus hautes distinctions de la R\u00e9publique, avec une r\u00e9volte toujours intacte (Christine Salem), d\u2019une famille r\u00e9unionnaise classique \u00e0 l\u2019\u00e9mancipation joyeuse face aux diktats sociaux et aux injonctions de genre (Dilo), d\u2019une vie tumultueuse sauv\u00e9e par la po\u00e9sie aux mots cr\u00e9oles forg\u00e9s avec le coeur (Nathalie Natiemb\u00e9), des kabars de l\u2019est de l\u2019\u00eele \u00e0 la formation d\u2019un art joyeux, \u00e9lectrique et prot\u00e9iforme (Kaloune)\u2026 Chacune de ces quatre artistes a su s\u2019\u00e9manciper gr\u00e2ce au maloya, chemin artistique et \u00e9cole de vie. Charismatiques et libres, \u00e0 l\u2019image de leur territoire, ces quatre h\u00e9ro\u00efnes inspirantes viennent questionner\/bousculer la place de la femme dans la musique et la soci\u00e9t\u00e9 cr\u00e9ole. Sur une trame maloya, elles font r\u00e9sonner les roul\u00e8rs (tambours), les chants, le kayamb, pour exprimer les revendications, la r\u00e9sistance et la fiert\u00e9 des femmes r\u00e9unionnaises !<\/p>\n<p>Et raconter leur \u00eele\u2026<\/p>\n<p>&nbsp;<\/p>\n<p><strong>Anne-Laure LEMANCEL<\/strong><\/p>\n<p>Journaliste sp\u00e9cialis\u00e9e en musique et culture, Anne-Laure Lemancel \u0153uvre aussi pour la presse\u00a0\u00ab\u00a0tourisme\u00a0\u00bb, territoriale et g\u00e9n\u00e9raliste.<\/p>\n<p>Depuis ses d\u00e9buts dans le journalisme, elle a publi\u00e9 ses papiers dans de tr\u00e8s nombreux m\u00e9dias\u00a0: Les Inrocks, RFI Musique, Mondomix, M\u00e9diapart, Le Monde Diplomatique, Vibrations, La Gazette des Communes, l\u2019Express etc\u2026 Elle officie aussi \u00e0 T\u00e9l\u00e9rama comme secr\u00e9taire de r\u00e9daction et \u00e9ditrice. C\u00f4t\u00e9 Radio, on peut entendre ses reportages musique sur l\u2019antenne de RFI. Depuis deux ans, elle r\u00e9alise \u00e9galement des sujets pour la t\u00e9l\u00e9vision, des portraits de musiciens pour l\u2019\u00e9mission Tracks (Arte).[\/vc_column_text][vc_single_image image=&#8221;12266&#8243; css=&#8221;&#8221;][\/vc_column_inner][\/vc_row_inner][vc_empty_space][\/vc_column][\/vc_row][vc_row][vc_column][\/vc_column][\/vc_row]<\/p>\n<\/div>","protected":false},"excerpt":{"rendered":"<p>[vc_row][vc_column][vc_empty_space][\/vc_column][\/vc_row][vc_row][vc_column width=&#8221;1\/4&#8243;][vc_single_image image=&#8221;12005&#8243; img_size=&#8221;large&#8221; alignment=&#8221;center&#8221; onclick=&#8221;custom_link&#8221; css=&#8221;.vc_custom_1747143501294{margin-bottom: 0px !important;padding-bottom: 0px !important;}&#8221;][vc_column_text css=&#8221;.vc_custom_1747143520320{margin-bottom: 10px !important;padding-top: 10px !important;padding-right: 10px !important;padding-bottom: 10px !important;padding-left: 10px !important;background-color: #ffff00 !important;}&#8221;] DIFFUSION DU FILM &#8220;AMAZING GRACE&#8221; [\/vc_column_text][vc_column_text &#8230;<\/p>\n","protected":false},"author":1,"featured_media":0,"parent":1657,"menu_order":0,"comment_status":"closed","ping_status":"closed","template":"","meta":{"footnotes":""},"class_list":["post-11075","page","type-page","status-publish","hentry"],"translation":{"provider":"WPGlobus","version":"3.0.2","language":"gb","enabled_languages":["fr","gb"],"languages":{"fr":{"title":true,"content":true,"excerpt":false},"gb":{"title":true,"content":true,"excerpt":false}}},"yoast_head":"<!-- This site is optimized with the Yoast SEO plugin v27.5 - https:\/\/yoast.com\/product\/yoast-seo-wordpress\/ -->\n<title>Les documentaires et films - Festival \u00c9clats d&#039;\u00c9mail Jazz \u00c9dition<\/title>\n<meta name=\"robots\" content=\"index, follow, max-snippet:-1, max-image-preview:large, max-video-preview:-1\" \/>\n<link rel=\"canonical\" href=\"https:\/\/www.eclatsdemail.com\/autour-du-festival\/conferences-documentaires-films\/\" \/>\n<meta property=\"og:locale\" content=\"en_GB\" \/>\n<meta property=\"og:type\" content=\"article\" \/>\n<meta property=\"og:title\" content=\"Les documentaires et films - Festival \u00c9clats d&#039;\u00c9mail Jazz \u00c9dition\" \/>\n<meta property=\"og:url\" content=\"https:\/\/www.eclatsdemail.com\/autour-du-festival\/conferences-documentaires-films\/\" \/>\n<meta property=\"og:site_name\" content=\"Festival \u00c9clats d&#039;\u00c9mail Jazz \u00c9dition\" \/>\n<meta property=\"article:publisher\" content=\"https:\/\/www.facebook.com\/jazzeclatsdemail\" \/>\n<meta property=\"article:modified_time\" content=\"2025-09-08T10:59:11+00:00\" \/>\n<meta name=\"twitter:card\" content=\"summary_large_image\" \/>\n<meta name=\"twitter:site\" content=\"@eclatsemailjazz\" \/>\n<meta name=\"twitter:label1\" content=\"Est. reading time\" \/>\n\t<meta name=\"twitter:data1\" content=\"3 minutes\" \/>\n<script type=\"application\/ld+json\" class=\"yoast-schema-graph\">{\"@context\":\"https:\\\/\\\/schema.org\",\"@graph\":[{\"@type\":\"WebPage\",\"@id\":\"https:\\\/\\\/www.eclatsdemail.com\\\/autour-du-festival\\\/conferences-documentaires-films\\\/\",\"url\":\"https:\\\/\\\/www.eclatsdemail.com\\\/autour-du-festival\\\/conferences-documentaires-films\\\/\",\"name\":\"Les documentaires et films - Festival \u00c9clats d&#039;\u00c9mail Jazz \u00c9dition\",\"isPartOf\":{\"@id\":\"https:\\\/\\\/www.eclatsdemail.com\\\/#website\"},\"datePublished\":\"2024-04-30T16:01:55+00:00\",\"dateModified\":\"2025-09-08T10:59:11+00:00\",\"breadcrumb\":{\"@id\":\"https:\\\/\\\/www.eclatsdemail.com\\\/autour-du-festival\\\/conferences-documentaires-films\\\/#breadcrumb\"},\"inLanguage\":\"en-GB\",\"potentialAction\":[{\"@type\":\"ReadAction\",\"target\":[\"https:\\\/\\\/www.eclatsdemail.com\\\/autour-du-festival\\\/conferences-documentaires-films\\\/\"]}]},{\"@type\":\"BreadcrumbList\",\"@id\":\"https:\\\/\\\/www.eclatsdemail.com\\\/autour-du-festival\\\/conferences-documentaires-films\\\/#breadcrumb\",\"itemListElement\":[{\"@type\":\"ListItem\",\"position\":1,\"name\":\"Accueil\",\"item\":\"https:\\\/\\\/www.eclatsdemail.com\\\/\"},{\"@type\":\"ListItem\",\"position\":2,\"name\":\"Autour du Festival\",\"item\":\"https:\\\/\\\/www.eclatsdemail.com\\\/autour-du-festival\\\/\"},{\"@type\":\"ListItem\",\"position\":3,\"name\":\"Les documentaires et films\"}]},{\"@type\":\"WebSite\",\"@id\":\"https:\\\/\\\/www.eclatsdemail.com\\\/#website\",\"url\":\"https:\\\/\\\/www.eclatsdemail.com\\\/\",\"name\":\"Festival \u00c9clats d&#039;\u00c9mail Jazz \u00c9dition\",\"description\":\"2024\",\"publisher\":{\"@id\":\"https:\\\/\\\/www.eclatsdemail.com\\\/#organization\"},\"potentialAction\":[{\"@type\":\"SearchAction\",\"target\":{\"@type\":\"EntryPoint\",\"urlTemplate\":\"https:\\\/\\\/www.eclatsdemail.com\\\/?s={search_term_string}\"},\"query-input\":{\"@type\":\"PropertyValueSpecification\",\"valueRequired\":true,\"valueName\":\"search_term_string\"}}],\"inLanguage\":\"en-GB\"},{\"@type\":\"Organization\",\"@id\":\"https:\\\/\\\/www.eclatsdemail.com\\\/#organization\",\"name\":\"Festival \u00c9clats d'\u00c9mail Jazz \u00c9dition\",\"url\":\"https:\\\/\\\/www.eclatsdemail.com\\\/\",\"logo\":{\"@type\":\"ImageObject\",\"inLanguage\":\"en-GB\",\"@id\":\"https:\\\/\\\/www.eclatsdemail.com\\\/#\\\/schema\\\/logo\\\/image\\\/\",\"url\":\"https:\\\/\\\/www.eclatsdemail.com\\\/wp-content\\\/uploads\\\/2022\\\/05\\\/cropped-logo2022.png\",\"contentUrl\":\"https:\\\/\\\/www.eclatsdemail.com\\\/wp-content\\\/uploads\\\/2022\\\/05\\\/cropped-logo2022.png\",\"width\":616,\"height\":100,\"caption\":\"Festival \u00c9clats d'\u00c9mail Jazz \u00c9dition\"},\"image\":{\"@id\":\"https:\\\/\\\/www.eclatsdemail.com\\\/#\\\/schema\\\/logo\\\/image\\\/\"},\"sameAs\":[\"https:\\\/\\\/www.facebook.com\\\/jazzeclatsdemail\",\"https:\\\/\\\/x.com\\\/eclatsemailjazz\",\"https:\\\/\\\/www.instagram.com\\\/Festival_Eclats_d_Email_JAZZ\\\/\"]}]}<\/script>\n<!-- \/ Yoast SEO plugin. -->","yoast_head_json":{"title":"Les documentaires et films - Festival \u00c9clats d&#039;\u00c9mail Jazz \u00c9dition","robots":{"index":"index","follow":"follow","max-snippet":"max-snippet:-1","max-image-preview":"max-image-preview:large","max-video-preview":"max-video-preview:-1"},"canonical":"https:\/\/www.eclatsdemail.com\/autour-du-festival\/conferences-documentaires-films\/","og_locale":"en_GB","og_type":"article","og_title":"Les documentaires et films - Festival \u00c9clats d&#039;\u00c9mail Jazz \u00c9dition","og_url":"https:\/\/www.eclatsdemail.com\/autour-du-festival\/conferences-documentaires-films\/","og_site_name":"Festival \u00c9clats d&#039;\u00c9mail Jazz \u00c9dition","article_publisher":"https:\/\/www.facebook.com\/jazzeclatsdemail","article_modified_time":"2025-09-08T10:59:11+00:00","twitter_card":"summary_large_image","twitter_site":"@eclatsemailjazz","twitter_misc":{"Est. reading time":"3 minutes"},"schema":{"@context":"https:\/\/schema.org","@graph":[{"@type":"WebPage","@id":"https:\/\/www.eclatsdemail.com\/autour-du-festival\/conferences-documentaires-films\/","url":"https:\/\/www.eclatsdemail.com\/autour-du-festival\/conferences-documentaires-films\/","name":"Les documentaires et films - Festival \u00c9clats d&#039;\u00c9mail Jazz \u00c9dition","isPartOf":{"@id":"https:\/\/www.eclatsdemail.com\/#website"},"datePublished":"2024-04-30T16:01:55+00:00","dateModified":"2025-09-08T10:59:11+00:00","breadcrumb":{"@id":"https:\/\/www.eclatsdemail.com\/autour-du-festival\/conferences-documentaires-films\/#breadcrumb"},"inLanguage":"en-GB","potentialAction":[{"@type":"ReadAction","target":["https:\/\/www.eclatsdemail.com\/autour-du-festival\/conferences-documentaires-films\/"]}]},{"@type":"BreadcrumbList","@id":"https:\/\/www.eclatsdemail.com\/autour-du-festival\/conferences-documentaires-films\/#breadcrumb","itemListElement":[{"@type":"ListItem","position":1,"name":"Accueil","item":"https:\/\/www.eclatsdemail.com\/"},{"@type":"ListItem","position":2,"name":"Autour du Festival","item":"https:\/\/www.eclatsdemail.com\/autour-du-festival\/"},{"@type":"ListItem","position":3,"name":"Les documentaires et films"}]},{"@type":"WebSite","@id":"https:\/\/www.eclatsdemail.com\/#website","url":"https:\/\/www.eclatsdemail.com\/","name":"Festival \u00c9clats d&#039;\u00c9mail Jazz \u00c9dition","description":"2024","publisher":{"@id":"https:\/\/www.eclatsdemail.com\/#organization"},"potentialAction":[{"@type":"SearchAction","target":{"@type":"EntryPoint","urlTemplate":"https:\/\/www.eclatsdemail.com\/?s={search_term_string}"},"query-input":{"@type":"PropertyValueSpecification","valueRequired":true,"valueName":"search_term_string"}}],"inLanguage":"en-GB"},{"@type":"Organization","@id":"https:\/\/www.eclatsdemail.com\/#organization","name":"Festival \u00c9clats d'\u00c9mail Jazz \u00c9dition","url":"https:\/\/www.eclatsdemail.com\/","logo":{"@type":"ImageObject","inLanguage":"en-GB","@id":"https:\/\/www.eclatsdemail.com\/#\/schema\/logo\/image\/","url":"https:\/\/www.eclatsdemail.com\/wp-content\/uploads\/2022\/05\/cropped-logo2022.png","contentUrl":"https:\/\/www.eclatsdemail.com\/wp-content\/uploads\/2022\/05\/cropped-logo2022.png","width":616,"height":100,"caption":"Festival \u00c9clats d'\u00c9mail Jazz \u00c9dition"},"image":{"@id":"https:\/\/www.eclatsdemail.com\/#\/schema\/logo\/image\/"},"sameAs":["https:\/\/www.facebook.com\/jazzeclatsdemail","https:\/\/x.com\/eclatsemailjazz","https:\/\/www.instagram.com\/Festival_Eclats_d_Email_JAZZ\/"]}]}},"_links":{"self":[{"href":"https:\/\/www.eclatsdemail.com\/gb\/wp-json\/wp\/v2\/pages\/11075","targetHints":{"allow":["GET"]}}],"collection":[{"href":"https:\/\/www.eclatsdemail.com\/gb\/wp-json\/wp\/v2\/pages"}],"about":[{"href":"https:\/\/www.eclatsdemail.com\/gb\/wp-json\/wp\/v2\/types\/page"}],"author":[{"embeddable":true,"href":"https:\/\/www.eclatsdemail.com\/gb\/wp-json\/wp\/v2\/users\/1"}],"replies":[{"embeddable":true,"href":"https:\/\/www.eclatsdemail.com\/gb\/wp-json\/wp\/v2\/comments?post=11075"}],"version-history":[{"count":21,"href":"https:\/\/www.eclatsdemail.com\/gb\/wp-json\/wp\/v2\/pages\/11075\/revisions"}],"predecessor-version":[{"id":12381,"href":"https:\/\/www.eclatsdemail.com\/gb\/wp-json\/wp\/v2\/pages\/11075\/revisions\/12381"}],"up":[{"embeddable":true,"href":"https:\/\/www.eclatsdemail.com\/gb\/wp-json\/wp\/v2\/pages\/1657"}],"wp:attachment":[{"href":"https:\/\/www.eclatsdemail.com\/gb\/wp-json\/wp\/v2\/media?parent=11075"}],"curies":[{"name":"wp","href":"https:\/\/api.w.org\/{rel}","templated":true}]}}